{"id":6855,"date":"2017-10-26T12:19:31","date_gmt":"2017-10-26T10:19:31","guid":{"rendered":"https:\/\/test.proclic.al\/?page_id=6855"},"modified":"2026-02-25T12:41:26","modified_gmt":"2026-02-25T11:41:26","slug":"zmadhimi-i-gjoksit","status":"publish","type":"page","link":"https:\/\/dentalandbeauty.it\/sq\/prima-e-dopo\/mastoplastica\/","title":{"rendered":"Zmadhimi i gjoksit"},"content":{"rendered":"<div class=\"wpb-content-wrapper\"><style type=\"text\/css\"><\/style><div class=\"vc_row wpb_row vc_row-fluid\"><div class=\"wpb_column vc_column_container vc_col-sm-12\"><div class=\"vc_column-inner\"><div class=\"wpb_wrapper\">\n\t<div class=\"wpb_text_column wpb_content_element\" >\n\t\t<div class=\"wpb_wrapper\">\n\t\t\t<h1 style=\"text-align: center;\">Zmadhimi i gjoksit<\/h1>\n\n\t\t<\/div>\n\t<\/div>\n\n\t<div class=\"wpb_text_column wpb_content_element\" >\n\t\t<div class=\"wpb_wrapper\">\n\t\t\t<div id='gallery-1' class='gallery galleryid-6855 gallery-columns-3 gallery-size-square-thumb'><figure class='gallery-item'>\n\t\t\t<div class='gallery-icon landscape'>\n\t\t\t\t<a aria-label=\"riduttiva2\" href='https:\/\/dentalandbeauty.it\/wp-content\/uploads\/2017\/10\/riduttiva2.jpg'><img loading=\"lazy\" decoding=\"async\" width=\"300\" height=\"300\" src=\"https:\/\/dentalandbeauty.it\/wp-content\/uploads\/2017\/10\/riduttiva2-300x300.jpg\" class=\"attachment-square-thumb size-square-thumb\" alt=\"riduttiva2\" srcset=\"https:\/\/dentalandbeauty.it\/wp-content\/uploads\/2017\/10\/riduttiva2-300x300.jpg 300w, https:\/\/dentalandbeauty.it\/wp-content\/uploads\/2017\/10\/riduttiva2-150x150.jpg 150w, https:\/\/dentalandbeauty.it\/wp-content\/uploads\/2017\/10\/riduttiva2-55x55.jpg 55w, https:\/\/dentalandbeauty.it\/wp-content\/uploads\/2017\/10\/riduttiva2-580x580.jpg 580w\" sizes=\"auto, (max-width: 300px) 100vw, 300px\" \/><\/a>\n\t\t\t<\/div><\/figure><figure class='gallery-item'>\n\t\t\t<div class='gallery-icon landscape'>\n\t\t\t\t<a aria-label=\"mastoplastica additivca\" href='https:\/\/dentalandbeauty.it\/wp-content\/uploads\/2017\/10\/mastoplastica-additivca.jpg'><img loading=\"lazy\" decoding=\"async\" width=\"300\" height=\"300\" src=\"https:\/\/dentalandbeauty.it\/wp-content\/uploads\/2017\/10\/mastoplastica-additivca-300x300.jpg\" class=\"attachment-square-thumb size-square-thumb\" alt=\"mastoplastica additivca\" srcset=\"https:\/\/dentalandbeauty.it\/wp-content\/uploads\/2017\/10\/mastoplastica-additivca-300x300.jpg 300w, https:\/\/dentalandbeauty.it\/wp-content\/uploads\/2017\/10\/mastoplastica-additivca-150x150.jpg 150w, https:\/\/dentalandbeauty.it\/wp-content\/uploads\/2017\/10\/mastoplastica-additivca-55x55.jpg 55w, https:\/\/dentalandbeauty.it\/wp-content\/uploads\/2017\/10\/mastoplastica-additivca-580x580.jpg 580w\" sizes=\"auto, (max-width: 300px) 100vw, 300px\" \/><\/a>\n\t\t\t<\/div><\/figure><figure class='gallery-item'>\n\t\t\t<div class='gallery-icon landscape'>\n\t\t\t\t<a aria-label=\"mastoplastica additivaa\" href='https:\/\/dentalandbeauty.it\/wp-content\/uploads\/2017\/10\/mastoplastica-additivaa.jpg'><img loading=\"lazy\" decoding=\"async\" width=\"300\" height=\"300\" src=\"https:\/\/dentalandbeauty.it\/wp-content\/uploads\/2017\/10\/mastoplastica-additivaa-300x300.jpg\" class=\"attachment-square-thumb size-square-thumb\" alt=\"mastoplastica additivaa\" srcset=\"https:\/\/dentalandbeauty.it\/wp-content\/uploads\/2017\/10\/mastoplastica-additivaa-300x300.jpg 300w, https:\/\/dentalandbeauty.it\/wp-content\/uploads\/2017\/10\/mastoplastica-additivaa-150x150.jpg 150w, https:\/\/dentalandbeauty.it\/wp-content\/uploads\/2017\/10\/mastoplastica-additivaa-55x55.jpg 55w, https:\/\/dentalandbeauty.it\/wp-content\/uploads\/2017\/10\/mastoplastica-additivaa-580x580.jpg 580w\" sizes=\"auto, (max-width: 300px) 100vw, 300px\" \/><\/a>\n\t\t\t<\/div><\/figure><figure class='gallery-item'>\n\t\t\t<div class='gallery-icon portrait'>\n\t\t\t\t<a aria-label=\"mastoplastica additiva2\" href='https:\/\/dentalandbeauty.it\/wp-content\/uploads\/2017\/10\/mastoplastica-additiva2.jpg'><img loading=\"lazy\" decoding=\"async\" width=\"300\" height=\"300\" src=\"https:\/\/dentalandbeauty.it\/wp-content\/uploads\/2017\/10\/mastoplastica-additiva2-300x300.jpg\" class=\"attachment-square-thumb size-square-thumb\" alt=\"mastoplastica additiva2\" srcset=\"https:\/\/dentalandbeauty.it\/wp-content\/uploads\/2017\/10\/mastoplastica-additiva2-300x300.jpg 300w, https:\/\/dentalandbeauty.it\/wp-content\/uploads\/2017\/10\/mastoplastica-additiva2-150x150.jpg 150w, https:\/\/dentalandbeauty.it\/wp-content\/uploads\/2017\/10\/mastoplastica-additiva2-55x55.jpg 55w, https:\/\/dentalandbeauty.it\/wp-content\/uploads\/2017\/10\/mastoplastica-additiva2-580x580.jpg 580w\" sizes=\"auto, (max-width: 300px) 100vw, 300px\" \/><\/a>\n\t\t\t<\/div><\/figure><figure class='gallery-item'>\n\t\t\t<div class='gallery-icon landscape'>\n\t\t\t\t<a aria-label=\"mastoplastica additiva\" href='https:\/\/dentalandbeauty.it\/wp-content\/uploads\/2017\/10\/mastoplastica-additiva.jpg'><img loading=\"lazy\" decoding=\"async\" width=\"300\" height=\"300\" src=\"https:\/\/dentalandbeauty.it\/wp-content\/uploads\/2017\/10\/mastoplastica-additiva-300x300.jpg\" class=\"attachment-square-thumb size-square-thumb\" alt=\"mastoplastica additiva\" srcset=\"https:\/\/dentalandbeauty.it\/wp-content\/uploads\/2017\/10\/mastoplastica-additiva-300x300.jpg 300w, https:\/\/dentalandbeauty.it\/wp-content\/uploads\/2017\/10\/mastoplastica-additiva-150x150.jpg 150w, https:\/\/dentalandbeauty.it\/wp-content\/uploads\/2017\/10\/mastoplastica-additiva-55x55.jpg 55w\" sizes=\"auto, (max-width: 300px) 100vw, 300px\" \/><\/a>\n\t\t\t<\/div><\/figure><figure class='gallery-item'>\n\t\t\t<div class='gallery-icon landscape'>\n\t\t\t\t<a aria-label=\"additiva\" href='https:\/\/dentalandbeauty.it\/wp-content\/uploads\/2017\/10\/additiva.jpg'><img loading=\"lazy\" decoding=\"async\" width=\"300\" height=\"300\" src=\"https:\/\/dentalandbeauty.it\/wp-content\/uploads\/2017\/10\/additiva-300x300.jpg\" class=\"attachment-square-thumb size-square-thumb\" alt=\"additiva\" srcset=\"https:\/\/dentalandbeauty.it\/wp-content\/uploads\/2017\/10\/additiva-300x300.jpg 300w, https:\/\/dentalandbeauty.it\/wp-content\/uploads\/2017\/10\/additiva-150x150.jpg 150w, https:\/\/dentalandbeauty.it\/wp-content\/uploads\/2017\/10\/additiva-55x55.jpg 55w, https:\/\/dentalandbeauty.it\/wp-content\/uploads\/2017\/10\/additiva-580x580.jpg 580w\" sizes=\"auto, (max-width: 300px) 100vw, 300px\" \/><\/a>\n\t\t\t<\/div><\/figure><figure class='gallery-item'>\n\t\t\t<div class='gallery-icon landscape'>\n\t\t\t\t<a aria-label=\"Rezultatet para dhe pas rritjes s\u00eb gjoksit\" href='https:\/\/dentalandbeauty.it\/wp-content\/uploads\/2017\/10\/additiva2.jpg'><img loading=\"lazy\" decoding=\"async\" width=\"300\" height=\"300\" src=\"https:\/\/dentalandbeauty.it\/wp-content\/uploads\/2017\/10\/additiva2-300x300.jpg\" class=\"attachment-square-thumb size-square-thumb\" alt=\"Rezultatet para dhe pas rritjes s\u00eb gjoksit\" srcset=\"https:\/\/dentalandbeauty.it\/wp-content\/uploads\/2017\/10\/additiva2-300x300.jpg 300w, https:\/\/dentalandbeauty.it\/wp-content\/uploads\/2017\/10\/additiva2-150x150.jpg 150w, https:\/\/dentalandbeauty.it\/wp-content\/uploads\/2017\/10\/additiva2-55x55.jpg 55w, https:\/\/dentalandbeauty.it\/wp-content\/uploads\/2017\/10\/additiva2-580x580.jpg 580w\" sizes=\"auto, (max-width: 300px) 100vw, 300px\" \/><\/a>\n\t\t\t<\/div><\/figure><figure class='gallery-item'>\n\t\t\t<div class='gallery-icon portrait'>\n\t\t\t\t<a aria-label=\"Mastoplasty breast surgery results\" href='https:\/\/dentalandbeauty.it\/wp-content\/uploads\/2017\/10\/mastoplastica.jpg'><img loading=\"lazy\" decoding=\"async\" width=\"300\" height=\"300\" src=\"https:\/\/dentalandbeauty.it\/wp-content\/uploads\/2017\/10\/mastoplastica-300x300.jpg\" class=\"attachment-square-thumb size-square-thumb\" alt=\"Mastoplasty breast surgery results\" srcset=\"https:\/\/dentalandbeauty.it\/wp-content\/uploads\/2017\/10\/mastoplastica-300x300.jpg 300w, https:\/\/dentalandbeauty.it\/wp-content\/uploads\/2017\/10\/mastoplastica-150x150.jpg 150w, https:\/\/dentalandbeauty.it\/wp-content\/uploads\/2017\/10\/mastoplastica-55x55.jpg 55w, https:\/\/dentalandbeauty.it\/wp-content\/uploads\/2017\/10\/mastoplastica-580x580.jpg 580w\" sizes=\"auto, (max-width: 300px) 100vw, 300px\" \/><\/a>\n\t\t\t<\/div><\/figure><figure class='gallery-item'>\n\t\t\t<div class='gallery-icon landscape'>\n\t\t\t\t<a aria-label=\"Intervento di chirurgia del seno con mastoplastica\" href='https:\/\/dentalandbeauty.it\/wp-content\/uploads\/2020\/07\/mastoplastica.jpg'><img loading=\"lazy\" decoding=\"async\" width=\"300\" height=\"300\" src=\"https:\/\/dentalandbeauty.it\/wp-content\/uploads\/2020\/07\/mastoplastica-300x300.jpg\" class=\"attachment-square-thumb size-square-thumb\" alt=\"Intervento di chirurgia del seno con mastoplastica\" srcset=\"https:\/\/dentalandbeauty.it\/wp-content\/uploads\/2020\/07\/mastoplastica-300x300.jpg 300w, https:\/\/dentalandbeauty.it\/wp-content\/uploads\/2020\/07\/mastoplastica-1024x1024.jpg 1024w, https:\/\/dentalandbeauty.it\/wp-content\/uploads\/2020\/07\/mastoplastica-150x150.jpg 150w, https:\/\/dentalandbeauty.it\/wp-content\/uploads\/2020\/07\/mastoplastica-768x768.jpg 768w, https:\/\/dentalandbeauty.it\/wp-content\/uploads\/2020\/07\/mastoplastica-55x55.jpg 55w, https:\/\/dentalandbeauty.it\/wp-content\/uploads\/2020\/07\/mastoplastica-580x580.jpg 580w, https:\/\/dentalandbeauty.it\/wp-content\/uploads\/2020\/07\/mastoplastica-860x860.jpg 860w, https:\/\/dentalandbeauty.it\/wp-content\/uploads\/2020\/07\/mastoplastica.jpg 1080w\" sizes=\"auto, (max-width: 300px) 100vw, 300px\" \/><\/a>\n\t\t\t<\/div><\/figure>\n\t\t<\/div>\n\n\n\t\t<\/div>\n\t<\/div>\n<\/div><\/div><\/div><\/div>\n<\/div>","protected":false},"excerpt":{"rendered":"Zmadhimi i gjoksit","protected":false},"author":1,"featured_media":0,"parent":6791,"menu_order":0,"comment_status":"closed","ping_status":"closed","template":"","meta":{"footnotes":""},"class_list":["post-6855","page","type-page","status-publish","hentry"],"yoast_head":"<!-- This site is optimized with the Yoast SEO plugin v27.4 - https:\/\/yoast.com\/product\/yoast-seo-wordpress\/ -->\n<title>Mastoplastica Prima Dopo - Dental &amp; Beauty<\/title>\n<meta name=\"description\" content=\"Risultati prima e dopo di mastoplastica additiva in Albania con chirurghi esperti e protesi certificate.\" \/>\n<meta name=\"robots\" content=\"noindex, follow\" \/>\n<meta property=\"og:locale\" content=\"sq_AL\" \/>\n<meta property=\"og:type\" content=\"article\" \/>\n<meta property=\"og:title\" content=\"Mastoplastica Prima Dopo - Dental &amp; Beauty\" \/>\n<meta property=\"og:description\" content=\"Risultati prima e dopo di mastoplastica additiva in Albania con chirurghi esperti e protesi certificate.\" \/>\n<meta property=\"og:url\" content=\"https:\/\/dentalandbeauty.it\/sq\/para-dhe-pas\/zmadhimi-i-gjoksit\/\" \/>\n<meta property=\"og:site_name\" content=\"Dental &amp; Beauty Tirana\" \/>\n<meta property=\"article:publisher\" content=\"https:\/\/www.facebook.com\/dentalandbeautytirana\" \/>\n<meta property=\"article:modified_time\" content=\"2026-02-25T11:41:26+00:00\" \/>\n<meta property=\"og:image\" content=\"https:\/\/dentalandbeauty.it\/wp-content\/uploads\/2025\/06\/dentalandbeautytirana_logo_post.png\" \/>\n\t<meta property=\"og:image:width\" content=\"1200\" \/>\n\t<meta property=\"og:image:height\" content=\"675\" \/>\n\t<meta property=\"og:image:type\" content=\"image\/png\" \/>\n<meta name=\"twitter:card\" content=\"summary_large_image\" \/>\n<meta name=\"twitter:label1\" content=\"Est. reading time\" \/>\n\t<meta name=\"twitter:data1\" content=\"1 minut\u00eb\" \/>\n<!-- \/ Yoast SEO plugin. -->","yoast_head_json":{"title":"Zmadhim Gjoksi Para Pas - Dental &amp; Beauty","description":"Shikoni rezultatet para dhe pas mastoplastik\u00ebs n\u00eb Dental &amp; Beauty Tirana p\u00ebr p\u00ebrmir\u00ebsim natyral t\u00eb form\u00ebs s\u00eb gjoksit.","robots":{"index":"noindex","follow":"follow"},"og_locale":"sq_AL","og_type":"article","og_title":"Mastoplastica Prima Dopo - Dental & Beauty","og_description":"Risultati prima e dopo di mastoplastica additiva in Albania con chirurghi esperti e protesi certificate.","og_url":"https:\/\/dentalandbeauty.it\/sq\/para-dhe-pas\/zmadhimi-i-gjoksit\/","og_site_name":"Dental &amp; Beauty Tirana","article_publisher":"https:\/\/www.facebook.com\/dentalandbeautytirana","article_modified_time":"2026-02-25T11:41:26+00:00","og_image":[{"width":1200,"height":675,"url":"https:\/\/dentalandbeauty.it\/wp-content\/uploads\/2025\/06\/dentalandbeautytirana_logo_post.png","type":"image\/png"}],"twitter_card":"summary_large_image","twitter_misc":{"Est. reading time":"1 minut\u00eb"},"schema":{"@context":"https:\/\/schema.org","@graph":[{"@type":"WebPage","@id":"https:\/\/dentalandbeauty.it\/prima-e-dopo\/mastoplastica\/","url":"https:\/\/dentalandbeauty.it\/prima-e-dopo\/mastoplastica\/","name":"Zmadhim Gjoksi Para Pas - Dental &amp; Beauty","isPartOf":{"@id":"https:\/\/dentalandbeauty.it\/#website"},"datePublished":"2017-10-26T10:19:31+00:00","dateModified":"2026-02-25T11:41:26+00:00","description":"Shikoni rezultatet para dhe pas mastoplastik\u00ebs n\u00eb Dental &amp; Beauty Tirana p\u00ebr p\u00ebrmir\u00ebsim natyral t\u00eb form\u00ebs s\u00eb gjoksit.","breadcrumb":{"@id":"https:\/\/dentalandbeauty.it\/prima-e-dopo\/mastoplastica\/#breadcrumb"},"inLanguage":"sq","potentialAction":[{"@type":"ReadAction","target":["https:\/\/dentalandbeauty.it\/prima-e-dopo\/mastoplastica\/"]}]},{"@type":"BreadcrumbList","@id":"https:\/\/dentalandbeauty.it\/prima-e-dopo\/mastoplastica\/#breadcrumb","itemListElement":[{"@type":"ListItem","position":1,"name":"Home","item":"https:\/\/dentalandbeauty.it\/"},{"@type":"ListItem","position":2,"name":"Prima e dopo&#8230;","item":"https:\/\/dentalandbeauty.it\/prima-e-dopo\/"},{"@type":"ListItem","position":3,"name":"MASTOPLASTICA"}]},{"@type":"WebSite","@id":"https:\/\/dentalandbeauty.it\/#website","url":"https:\/\/dentalandbeauty.it\/","name":"Dentare &amp; Bukuri Tiran\u00eb","description":"Dentare &amp; Bukuri Tiran\u00eb","potentialAction":[{"@type":"SearchAction","target":{"@type":"EntryPoint","urlTemplate":"https:\/\/dentalandbeauty.it\/?s={search_term_string}"},"query-input":{"@type":"PropertyValueSpecification","valueRequired":true,"valueName":"search_term_string"}}],"inLanguage":"sq"}]}},"_links":{"self":[{"href":"https:\/\/dentalandbeauty.it\/sq\/wp-json\/wp\/v2\/pages\/6855","targetHints":{"allow":["GET"]}}],"collection":[{"href":"https:\/\/dentalandbeauty.it\/sq\/wp-json\/wp\/v2\/pages"}],"about":[{"href":"https:\/\/dentalandbeauty.it\/sq\/wp-json\/wp\/v2\/types\/page"}],"author":[{"embeddable":true,"href":"https:\/\/dentalandbeauty.it\/sq\/wp-json\/wp\/v2\/users\/1"}],"replies":[{"embeddable":true,"href":"https:\/\/dentalandbeauty.it\/sq\/wp-json\/wp\/v2\/comments?post=6855"}],"version-history":[{"count":1,"href":"https:\/\/dentalandbeauty.it\/sq\/wp-json\/wp\/v2\/pages\/6855\/revisions"}],"predecessor-version":[{"id":9871,"href":"https:\/\/dentalandbeauty.it\/sq\/wp-json\/wp\/v2\/pages\/6855\/revisions\/9871"}],"up":[{"embeddable":true,"href":"https:\/\/dentalandbeauty.it\/sq\/wp-json\/wp\/v2\/pages\/6791"}],"wp:attachment":[{"href":"https:\/\/dentalandbeauty.it\/sq\/wp-json\/wp\/v2\/media?parent=6855"}],"curies":[{"name":"wp","href":"https:\/\/api.w.org\/{rel}","templated":true}]}}