{"id":6697,"date":"2017-10-04T12:39:54","date_gmt":"2017-10-04T10:39:54","guid":{"rendered":"https:\/\/test.proclic.al\/?page_id=6697"},"modified":"2021-03-31T11:58:44","modified_gmt":"2021-03-31T09:58:44","slug":"chirurgia-estetica-albania","status":"publish","type":"page","link":"https:\/\/dentalandbeauty.it\/sq\/chirurgia-estetica-albania\/","title":{"rendered":"Chirurgia Estetica in Albania"},"content":{"rendered":"<div class=\"wpb-content-wrapper\"><style type=\"text\/css\"><\/style><div class=\"vc_row wpb_row vc_row-fluid\"><div class=\"wpb_column vc_column_container vc_col-sm-12\"><div class=\"vc_column-inner\"><div class=\"wpb_wrapper\">\n\t<div class=\"wpb_text_column wpb_content_element\" >\n\t\t<div class=\"wpb_wrapper\">\n\t\t\t<h2>Professionalit\u00e0, sicurezza, riservatezza.<\/h2>\n<p>La chirurgia estetica si occupa di correggere o eliminare difetti ed imperfezioni del corpo e del viso da un punto di vista fisico ed estetico, senza cercare di curare patologie. Questi problemi estetici possono comunque ostacolare la vita di relazione e influenzare sul benessere psicofisico del paziente. Una bellezza fisica che sia in piena armonia con ci\u00f2 che la natura ci ha regalato \u00e8 la nostra migliore proposta.<\/p>\n<p>Offriamo servizi di <strong><a href=\"https:\/\/dentalandbeauty.it\/sq\/\">chirurgia estetica in Albania<\/a><\/strong> utilizzando tecniche all\u2019avanguardia. I nostri chirurgi estetici italiani esercitano la loro professione nelle cliniche estetiche pi\u00f9 popolari in Italia e non solo. Operano da anni, con tantissimi casi di successo testimoniabili.<\/p>\n<p><img loading=\"lazy\" decoding=\"async\" class=\"aligncenter wp-image-6698 size-full\" src=\"https:\/\/dentalandbeauty.it\/wp-content\/uploads\/2017\/10\/chirurgia-estetica-albania.jpg\" alt=\"\" width=\"980\" height=\"391\" srcset=\"https:\/\/dentalandbeauty.it\/wp-content\/uploads\/2017\/10\/chirurgia-estetica-albania.jpg 980w, https:\/\/dentalandbeauty.it\/wp-content\/uploads\/2017\/10\/chirurgia-estetica-albania-300x120.jpg 300w, https:\/\/dentalandbeauty.it\/wp-content\/uploads\/2017\/10\/chirurgia-estetica-albania-768x306.jpg 768w, https:\/\/dentalandbeauty.it\/wp-content\/uploads\/2017\/10\/chirurgia-estetica-albania-580x231.jpg 580w, https:\/\/dentalandbeauty.it\/wp-content\/uploads\/2017\/10\/chirurgia-estetica-albania-860x343.jpg 860w\" sizes=\"auto, (max-width: 980px) 100vw, 980px\" \/><\/p>\n<p>Da Dental and Beauty in Albania si eseguono interventi di chirurgia estetica viso e corpo. Ecco le tipologie di interventi che si eseguono:<\/p>\n<p>Chirurgia estetica in Albania: Viso<\/p>\n<p>&#8211;\u00a0\u00a0\u00a0\u00a0\u00a0\u00a0\u00a0\u00a0\u00a0 Otoplastica Bilaterale<\/p>\n<p>&#8211;\u00a0\u00a0\u00a0\u00a0\u00a0\u00a0\u00a0\u00a0\u00a0 Otoplastica Unilaterale<\/p>\n<p>&#8211;\u00a0\u00a0\u00a0\u00a0\u00a0\u00a0\u00a0\u00a0\u00a0 Blefaroplastica Sopra o Sotto<\/p>\n<p>&#8211;\u00a0\u00a0\u00a0\u00a0\u00a0\u00a0\u00a0\u00a0\u00a0 Blefaroplastica Totale<\/p>\n<p>&#8211;\u00a0\u00a0\u00a0\u00a0\u00a0\u00a0\u00a0\u00a0\u00a0 Rinoplastica Estetica<\/p>\n<p>&#8211;\u00a0\u00a0\u00a0\u00a0\u00a0\u00a0\u00a0\u00a0\u00a0 Rinoplastica Secondaria<\/p>\n<p>&#8211;\u00a0\u00a0\u00a0\u00a0\u00a0\u00a0\u00a0\u00a0\u00a0 Mentoplastica<\/p>\n<p>&#8211;\u00a0\u00a0\u00a0\u00a0\u00a0\u00a0\u00a0\u00a0\u00a0 Mini Face-Lifting<\/p>\n<p>&#8211;\u00a0\u00a0\u00a0\u00a0\u00a0\u00a0\u00a0\u00a0\u00a0 Lifting Frontale o di Sopracciglio<\/p>\n<p>&#8211;\u00a0\u00a0\u00a0\u00a0\u00a0\u00a0\u00a0\u00a0\u00a0 Lifting Cervicofaciale<\/p>\n<p>&#8211;\u00a0\u00a0\u00a0\u00a0\u00a0\u00a0\u00a0\u00a0\u00a0 Lifting Collo<\/p>\n<p>&#8211;\u00a0\u00a0\u00a0\u00a0\u00a0\u00a0\u00a0\u00a0\u00a0 Lifting Viso Totale e Blefaroplastica<\/p>\n<p>Chirurgia estetica in Albania: Corpo<\/p>\n<p>&#8211;\u00a0\u00a0\u00a0\u00a0\u00a0\u00a0\u00a0\u00a0\u00a0 Mastoplastica Additiva<\/p>\n<p>&#8211;\u00a0\u00a0\u00a0\u00a0\u00a0\u00a0\u00a0\u00a0\u00a0 Mastoplastica Riduttiva<\/p>\n<p>&#8211;\u00a0\u00a0\u00a0\u00a0\u00a0\u00a0\u00a0\u00a0\u00a0 Mastopessi<\/p>\n<p>&#8211;\u00a0\u00a0\u00a0\u00a0\u00a0\u00a0\u00a0\u00a0\u00a0 Mastopessi con Protesi<\/p>\n<p>&#8211;\u00a0\u00a0\u00a0\u00a0\u00a0\u00a0\u00a0\u00a0\u00a0 Ginecomastia (Lipo)<\/p>\n<p>&#8211;\u00a0\u00a0\u00a0\u00a0\u00a0\u00a0\u00a0\u00a0\u00a0 Ginecomastia Vera<\/p>\n<p>&#8211;\u00a0\u00a0\u00a0\u00a0\u00a0\u00a0\u00a0\u00a0\u00a0 Liposuzione Piccola (1-2 Aree)<\/p>\n<p>&#8211;\u00a0\u00a0\u00a0\u00a0\u00a0\u00a0\u00a0\u00a0\u00a0 Liposuzione Media (3 Aree)<\/p>\n<p>&#8211;\u00a0\u00a0\u00a0\u00a0\u00a0\u00a0\u00a0\u00a0\u00a0 Liposuzione Total Body (4 Aree)<\/p>\n<p>&#8211;\u00a0\u00a0\u00a0\u00a0\u00a0\u00a0\u00a0\u00a0\u00a0 Addominoplastica Piccola<\/p>\n<p>&#8211;\u00a0\u00a0\u00a0\u00a0\u00a0\u00a0\u00a0\u00a0\u00a0 Addominoplastica Grande<\/p>\n<p>&#8211;\u00a0\u00a0\u00a0\u00a0\u00a0\u00a0\u00a0\u00a0\u00a0 Lifting di Cosce<\/p>\n<p>&#8211;\u00a0\u00a0\u00a0\u00a0\u00a0\u00a0\u00a0\u00a0\u00a0 Lifting di Braccia<\/p>\n<p>&#8211;\u00a0\u00a0\u00a0\u00a0\u00a0\u00a0\u00a0\u00a0\u00a0 Gluteoplastica<\/p>\n<p>&#8211;\u00a0\u00a0\u00a0\u00a0\u00a0\u00a0\u00a0\u00a0\u00a0 Liposuzione e Lipofilling Gluteo<\/p>\n<p>&#8211;\u00a0\u00a0\u00a0\u00a0\u00a0\u00a0\u00a0\u00a0\u00a0 Imenoplastica<\/p>\n<p>Per conoscere i costi degli interventi visita la sezione chirurgia estetica.<\/p>\n<p>Il team \u00e8 composto da dottori esperti italiani, con qualifiche a livello internazionale e che hanno maturato esperienze in diversi paesi del mondo. Inoltre utilizzano per la chirurgia estetica in Albania solo materiali certificati e di alta qualit\u00e0. Grazie all\u2019utilizzo delle migliori tecniche in campo chirurgico possiamo regalare al paziente un risultato ottimale, che risponde alle sue realistiche aspettative.<\/p>\n<p>Attraverso la chirurgia estetica in Albania si ripristina l\u2019armonia delle forme, rispettando sempre la fisionomia del paziente. In questo modo si ottiene un risultato esteticamente gradevole e naturale. Il nostro obiettivo \u00e8 quello di mettere sempre il benessere e la cura del paziente al primo posto.<\/p>\n<p>Oltre al offrire il massimo della professionalit\u00e0, possiamo far fronte a ogni tipo di esigenza economica. I prezzi vantaggiosi che proponiamo sono dovuti alla bassa imposizione fiscali e ai costi moderati delle strutture in cui operiamo. Tutto ci\u00f2 non inficia la qualit\u00e0 del servizio. Garantiamo un servizio ottimale, con alti standard di igiene e qualit\u00e0.<\/p>\n<p>Per maggiori informazioni sulla chirurgia estetica in Albania chiama il nr <a href=\"tel:00355695850555\">+355 69 58 50 555<\/a> ose na shkruani me email n\u00eb <a href=\"mailto:info@dentalandbeauty.it\">info@dentalandbeauty.it<\/a>. Si alternativ\u00eb, plot\u00ebsoni formularin.<\/p>\n\n\t\t<\/div>\n\t<\/div>\n<\/div><\/div><\/div><\/div>\n<\/div>","protected":false},"excerpt":{"rendered":"Professionalit\u00e0, sicurezza, riservatezza. La chirurgia estetica si occupa di correggere o eliminare difetti ed imperfezioni del corpo e del viso da un punto di vista fisico ed estetico, senza cercare di curare patologie. Questi problemi estetici possono comunque ostacolare la vita di relazione e influenzare sul benessere psicofisico del paziente. Una bellezza fisica che sia...","protected":false},"author":1,"featured_media":0,"parent":0,"menu_order":0,"comment_status":"closed","ping_status":"closed","template":"","meta":{"footnotes":""},"class_list":["post-6697","page","type-page","status-publish","hentry"],"yoast_head":"<!-- This site is optimized with the Yoast SEO plugin v27.4 - https:\/\/yoast.com\/product\/yoast-seo-wordpress\/ -->\n<title>Interventi di Chirurgia Estetica in Albania<\/title>\n<meta name=\"description\" content=\"Chirurgia estetica in Albania con chirurghi esperti e cliniche moderne. Scopri interventi estetici sicuri e risultati naturali.\" \/>\n<meta name=\"robots\" content=\"index, follow, max-snippet:-1, max-image-preview:large, max-video-preview:-1\" \/>\n<link rel=\"canonical\" href=\"https:\/\/dentalandbeauty.it\/sq\/chirurgia-estetica-albania\/\" \/>\n<meta property=\"og:locale\" content=\"sq_AL\" \/>\n<meta property=\"og:type\" content=\"article\" \/>\n<meta property=\"og:title\" content=\"Interventi di Chirurgia Estetica in Albania\" \/>\n<meta property=\"og:description\" content=\"Chirurgia estetica in Albania con chirurghi esperti e cliniche moderne. Scopri interventi estetici sicuri e risultati naturali.\" \/>\n<meta property=\"og:url\" content=\"https:\/\/dentalandbeauty.it\/sq\/chirurgia-estetica-albania\/\" \/>\n<meta property=\"og:site_name\" content=\"Dental &amp; Beauty Tirana\" \/>\n<meta property=\"article:publisher\" content=\"https:\/\/www.facebook.com\/dentalandbeautytirana\" \/>\n<meta property=\"article:modified_time\" content=\"2021-03-31T09:58:44+00:00\" \/>\n<meta property=\"og:image\" content=\"https:\/\/dentalandbeauty.it\/wp-content\/uploads\/2017\/10\/chirurgia-estetica-albania.jpg\" \/>\n\t<meta property=\"og:image:width\" content=\"980\" \/>\n\t<meta property=\"og:image:height\" content=\"391\" \/>\n\t<meta property=\"og:image:type\" content=\"image\/jpeg\" \/>\n<meta name=\"twitter:card\" content=\"summary_large_image\" \/>\n<meta name=\"twitter:label1\" content=\"Est. reading time\" \/>\n\t<meta name=\"twitter:data1\" content=\"2 minuta\" \/>\n<!-- \/ Yoast SEO plugin. -->","yoast_head_json":{"title":"Procedura t\u00eb Kirurgjis\u00eb Estetike n\u00eb Shqip\u00ebri","description":"Kirurgji estetike n\u00eb Shqip\u00ebri me klinika moderne dhe kirurg\u00eb me p\u00ebrvoj\u00eb p\u00ebr rezultate natyrale.","robots":{"index":"index","follow":"follow","max-snippet":"max-snippet:-1","max-image-preview":"max-image-preview:large","max-video-preview":"max-video-preview:-1"},"canonical":"https:\/\/dentalandbeauty.it\/sq\/chirurgia-estetica-albania\/","og_locale":"sq_AL","og_type":"article","og_title":"Interventi di Chirurgia Estetica in Albania","og_description":"Chirurgia estetica in Albania con chirurghi esperti e cliniche moderne. Scopri interventi estetici sicuri e risultati naturali.","og_url":"https:\/\/dentalandbeauty.it\/sq\/chirurgia-estetica-albania\/","og_site_name":"Dental &amp; Beauty Tirana","article_publisher":"https:\/\/www.facebook.com\/dentalandbeautytirana","article_modified_time":"2021-03-31T09:58:44+00:00","og_image":[{"width":980,"height":391,"url":"https:\/\/dentalandbeauty.it\/wp-content\/uploads\/2017\/10\/chirurgia-estetica-albania.jpg","type":"image\/jpeg"}],"twitter_card":"summary_large_image","twitter_misc":{"Est. reading time":"2 minuta"},"schema":{"@context":"https:\/\/schema.org","@graph":[{"@type":"WebPage","@id":"https:\/\/dentalandbeauty.it\/chirurgia-estetica-albania\/","url":"https:\/\/dentalandbeauty.it\/chirurgia-estetica-albania\/","name":"Procedura t\u00eb Kirurgjis\u00eb Estetike n\u00eb Shqip\u00ebri","isPartOf":{"@id":"https:\/\/dentalandbeauty.it\/#website"},"primaryImageOfPage":{"@id":"https:\/\/dentalandbeauty.it\/chirurgia-estetica-albania\/#primaryimage"},"image":{"@id":"https:\/\/dentalandbeauty.it\/chirurgia-estetica-albania\/#primaryimage"},"thumbnailUrl":"https:\/\/dentalandbeauty.it\/wp-content\/uploads\/2017\/10\/chirurgia-estetica-albania.jpg","datePublished":"2017-10-04T10:39:54+00:00","dateModified":"2021-03-31T09:58:44+00:00","description":"Kirurgji estetike n\u00eb Shqip\u00ebri me klinika moderne dhe kirurg\u00eb me p\u00ebrvoj\u00eb p\u00ebr rezultate natyrale.","breadcrumb":{"@id":"https:\/\/dentalandbeauty.it\/chirurgia-estetica-albania\/#breadcrumb"},"inLanguage":"sq","potentialAction":[{"@type":"ReadAction","target":["https:\/\/dentalandbeauty.it\/chirurgia-estetica-albania\/"]}]},{"@type":"ImageObject","inLanguage":"sq","@id":"https:\/\/dentalandbeauty.it\/chirurgia-estetica-albania\/#primaryimage","url":"https:\/\/dentalandbeauty.it\/wp-content\/uploads\/2017\/10\/chirurgia-estetica-albania.jpg","contentUrl":"https:\/\/dentalandbeauty.it\/wp-content\/uploads\/2017\/10\/chirurgia-estetica-albania.jpg"},{"@type":"BreadcrumbList","@id":"https:\/\/dentalandbeauty.it\/chirurgia-estetica-albania\/#breadcrumb","itemListElement":[{"@type":"ListItem","position":1,"name":"Home","item":"https:\/\/dentalandbeauty.it\/"},{"@type":"ListItem","position":2,"name":"Chirurgia Estetica in Albania"}]},{"@type":"WebSite","@id":"https:\/\/dentalandbeauty.it\/#website","url":"https:\/\/dentalandbeauty.it\/","name":"Dentare &amp; Bukuri Tiran\u00eb","description":"Dentare &amp; Bukuri Tiran\u00eb","potentialAction":[{"@type":"SearchAction","target":{"@type":"EntryPoint","urlTemplate":"https:\/\/dentalandbeauty.it\/?s={search_term_string}"},"query-input":{"@type":"PropertyValueSpecification","valueRequired":true,"valueName":"search_term_string"}}],"inLanguage":"sq"}]}},"_links":{"self":[{"href":"https:\/\/dentalandbeauty.it\/sq\/wp-json\/wp\/v2\/pages\/6697","targetHints":{"allow":["GET"]}}],"collection":[{"href":"https:\/\/dentalandbeauty.it\/sq\/wp-json\/wp\/v2\/pages"}],"about":[{"href":"https:\/\/dentalandbeauty.it\/sq\/wp-json\/wp\/v2\/types\/page"}],"author":[{"embeddable":true,"href":"https:\/\/dentalandbeauty.it\/sq\/wp-json\/wp\/v2\/users\/1"}],"replies":[{"embeddable":true,"href":"https:\/\/dentalandbeauty.it\/sq\/wp-json\/wp\/v2\/comments?post=6697"}],"version-history":[{"count":0,"href":"https:\/\/dentalandbeauty.it\/sq\/wp-json\/wp\/v2\/pages\/6697\/revisions"}],"wp:attachment":[{"href":"https:\/\/dentalandbeauty.it\/sq\/wp-json\/wp\/v2\/media?parent=6697"}],"curies":[{"name":"wp","href":"https:\/\/api.w.org\/{rel}","templated":true}]}}