{"id":6694,"date":"2017-10-04T12:22:57","date_gmt":"2017-10-04T10:22:57","guid":{"rendered":"https:\/\/test.proclic.al\/?page_id=6694"},"modified":"2026-02-25T10:55:22","modified_gmt":"2026-02-25T09:55:22","slug":"turismo-dentale-albania","status":"publish","type":"page","link":"https:\/\/dentalandbeauty.it\/sq\/turismo-dentale-albania\/","title":{"rendered":"Turizmi dentar n\u00eb Shqip\u00ebri"},"content":{"rendered":"<div class=\"wpb-content-wrapper\"><style type=\"text\/css\"><\/style><div class=\"vc_row wpb_row vc_row-fluid\"><div class=\"wpb_column vc_column_container vc_col-sm-12\"><div class=\"vc_column-inner\"><div class=\"wpb_wrapper\">\n\t<div class=\"wpb_text_column wpb_content_element\" >\n\t\t<div class=\"wpb_wrapper\">\n\t\t\t<h2>B\u00ebj p\u00ebrs\u00ebri buz\u00ebqeshje<\/h2>\n<p><strong><a href=\"https:\/\/dentalandbeauty.it\/sq\/\">Turizmi dentar n\u00eb Shqip\u00ebri<\/a><\/strong> Me Dental &amp; Beauty, mund t\u00eb kryeni trajtime dentare n\u00eb vet\u00ebm disa dit\u00eb, me \u00e7mime shum\u00eb t\u00eb p\u00ebrballueshme, duke p\u00ebrdorur materiale me cil\u00ebsi t\u00eb lart\u00eb, t\u00eb kryera nga dentist\u00eb t\u00eb kualifikuar n\u00eb klinik\u00ebn ton\u00eb. Klinika jon\u00eb ndodhet n\u00eb qend\u00ebr t\u00eb Tiran\u00ebs, n\u00eb nj\u00eb nd\u00ebrtes\u00eb moderne dhe mikprit\u00ebse.<\/p>\n<p>Pajisjet e klinik\u00ebs jan\u00eb t\u00eb teknologjis\u00eb m\u00eb t\u00eb fundit. Fal\u00eb teknikave t\u00eb reja t\u00eb skanimit dhe p\u00ebrpunimit dixhital, protezat mund t\u00eb p\u00ebrgatiten n\u00eb nj\u00eb dit\u00eb t\u00eb vetme. P\u00ebr m\u00eb tep\u00ebr, p\u00ebr protezat dhe implantet p\u00ebrdoren vet\u00ebm markat m\u00eb t\u00eb mira nd\u00ebrkomb\u00ebtare. Turizmi dentar n\u00eb Shqip\u00ebri \u00ebsht\u00eb sinonim i cil\u00ebsis\u00eb n\u00eb Dental &amp; Beauty. N\u00eb Dental &amp; Beauty do t\u00eb gjeni mjek\u00eb dhe staf t\u00eb specializuar q\u00eb mund t\u00eb kryejn\u00eb t\u00eb gjitha llojet e procedurave p\u00ebr sh\u00ebndetin tuaj dentar.<\/p>\n<p>Zgjidhjet q\u00eb ofrojm\u00eb jan\u00eb t\u00eb personalizuara dhe t\u00eb p\u00ebrshtatura p\u00ebr problemet specifike q\u00eb prekin goj\u00ebn tuaj. Ka shum\u00eb probleme dentare, por Dental &amp; Beauty do t'ju rekomandoj\u00eb trajtimin dentar q\u00eb \u00ebsht\u00eb i duhur p\u00ebr ju. P\u00ebrvoja dhe profesionalizmi i mjek\u00ebve tan\u00eb do t'ju rikthejn\u00eb besimin q\u00eb keni humbur. Sepse turizmi dentar n\u00eb Shqip\u00ebri \u00ebsht\u00eb sinonim i profesionalizmit.<\/p>\n<p><img loading=\"lazy\" decoding=\"async\" class=\"aligncenter size-blog-masonry-thumb wp-image-6695\" src=\"https:\/\/dentalandbeauty.it\/wp-content\/uploads\/2017\/10\/turismo-dentale-albania-500x325.jpg\" alt=\"\" width=\"500\" height=\"325\" \/><\/p>\n<p>Ne garantojm\u00eb standardet m\u00eb t\u00eb larta t\u00eb higjien\u00ebs, profesionalizmit dhe siguris\u00eb, pjes\u00ebrisht fal\u00eb materialeve tona, t\u00eb cilat jan\u00eb t\u00eb gjitha t\u00eb certifikuara CE.<\/p>\n<p>Duke filluar me nj\u00eb kontroll, ne mund t\u00eb ofrojm\u00eb trajtime me cil\u00ebsi t\u00eb lart\u00eb dhe nj\u00eb sh\u00ebrbim t\u00eb plot\u00eb, i cili mund t\u00eb jet\u00eb subjekt i nj\u00eb zbritjeje n\u00eb var\u00ebsi t\u00eb rastit. Duke zgjedhur turizmin dentar n\u00eb Shqip\u00ebri, mund t\u00eb kurseni deri n\u00eb 60% krahasuar me klinikat italiane. Vizitoni seksionin e \u00e7mimeve p\u00ebr t\u00eb zbuluar sa do t\u00eb kurseni.<\/p>\n<p>P\u00ebr m\u00eb shum\u00eb informacion mbi turizmin dentar n\u00eb Shqip\u00ebri, telefononi numrin e m\u00ebposht\u00ebm: <a href=\"tel:00355695850555\">+355 69 58 50 555<\/a> ose na shkruani me email n\u00eb <a href=\"mailto:info@dentalandbeauty.it\">info@dentalandbeauty.it<\/a>. Si alternativ\u00eb, plot\u00ebsoni formularin.<\/p>\n\n\t\t<\/div>\n\t<\/div>\n<\/div><\/div><\/div><\/div>\n<\/div>","protected":false},"excerpt":{"rendered":"Ritorna a sorridere Turismo dentale in Albania con Dental &amp; Beauty significa interventi dentali in pochi giorni, a prezzi molto convenienti, con materiali di alta qualit\u00e0, eseguiti da dentisti qualificati presso la nostra clinica. La nostra clinica \u00e8 situata nel centro di Tirana in uno stabile moderno e accogliente. Le attrezzature della clinica sono di...","protected":false},"author":1,"featured_media":0,"parent":0,"menu_order":0,"comment_status":"closed","ping_status":"closed","template":"","meta":{"footnotes":""},"class_list":["post-6694","page","type-page","status-publish","hentry"],"yoast_head":"<!-- This site is optimized with the Yoast SEO plugin v27.4 - https:\/\/yoast.com\/product\/yoast-seo-wordpress\/ -->\n<title>Turismo Dentale in Albania \u2013 Dental &amp; Beauty<\/title>\n<meta name=\"description\" content=\"Turismo dentale in Albania con cure di alta qualit\u00e0, prezzi competitivi e supporto completo presso Dental &amp; Beauty Tirana.\" \/>\n<meta name=\"robots\" content=\"index, follow, max-snippet:-1, max-image-preview:large, max-video-preview:-1\" \/>\n<link rel=\"canonical\" href=\"https:\/\/dentalandbeauty.it\/sq\/turismo-dentale-albania\/\" \/>\n<meta property=\"og:locale\" content=\"sq_AL\" \/>\n<meta property=\"og:type\" content=\"article\" \/>\n<meta property=\"og:title\" content=\"Turismo Dentale in Albania \u2013 Dental &amp; Beauty\" \/>\n<meta property=\"og:description\" content=\"Turismo dentale in Albania con cure di alta qualit\u00e0, prezzi competitivi e supporto completo presso Dental &amp; Beauty Tirana.\" \/>\n<meta property=\"og:url\" content=\"https:\/\/dentalandbeauty.it\/sq\/turismo-dentale-albania\/\" \/>\n<meta property=\"og:site_name\" content=\"Dental &amp; Beauty Tirana\" \/>\n<meta property=\"article:publisher\" content=\"https:\/\/www.facebook.com\/dentalandbeautytirana\" \/>\n<meta property=\"article:modified_time\" content=\"2026-02-25T09:55:22+00:00\" \/>\n<meta property=\"og:image\" content=\"https:\/\/dentalandbeauty.it\/wp-content\/uploads\/2017\/10\/turismo-dentale-albania.jpg\" \/>\n\t<meta property=\"og:image:width\" content=\"500\" \/>\n\t<meta property=\"og:image:height\" content=\"332\" \/>\n\t<meta property=\"og:image:type\" content=\"image\/jpeg\" \/>\n<meta name=\"twitter:card\" content=\"summary_large_image\" \/>\n<meta name=\"twitter:label1\" content=\"Est. reading time\" \/>\n\t<meta name=\"twitter:data1\" content=\"2 minuta\" \/>\n<!-- \/ Yoast SEO plugin. -->","yoast_head_json":{"title":"Turiz\u00ebm Dentar n\u00eb Shqip\u00ebri \u2013 Dental &amp; Beauty","description":"Turiz\u00ebm dentar n\u00eb Shqip\u00ebri me trajtime cil\u00ebsore dhe \u00e7mime t\u00eb p\u00ebrballueshme n\u00eb Tiran\u00eb.","robots":{"index":"index","follow":"follow","max-snippet":"max-snippet:-1","max-image-preview":"max-image-preview:large","max-video-preview":"max-video-preview:-1"},"canonical":"https:\/\/dentalandbeauty.it\/sq\/turismo-dentale-albania\/","og_locale":"sq_AL","og_type":"article","og_title":"Turismo Dentale in Albania \u2013 Dental & Beauty","og_description":"Turismo dentale in Albania con cure di alta qualit\u00e0, prezzi competitivi e supporto completo presso Dental & Beauty Tirana.","og_url":"https:\/\/dentalandbeauty.it\/sq\/turismo-dentale-albania\/","og_site_name":"Dental &amp; Beauty Tirana","article_publisher":"https:\/\/www.facebook.com\/dentalandbeautytirana","article_modified_time":"2026-02-25T09:55:22+00:00","og_image":[{"width":500,"height":332,"url":"https:\/\/dentalandbeauty.it\/wp-content\/uploads\/2017\/10\/turismo-dentale-albania.jpg","type":"image\/jpeg"}],"twitter_card":"summary_large_image","twitter_misc":{"Est. reading time":"2 minuta"},"schema":{"@context":"https:\/\/schema.org","@graph":[{"@type":"WebPage","@id":"https:\/\/dentalandbeauty.it\/turismo-dentale-albania\/","url":"https:\/\/dentalandbeauty.it\/turismo-dentale-albania\/","name":"Turiz\u00ebm Dentar n\u00eb Shqip\u00ebri \u2013 Dental &amp; Beauty","isPartOf":{"@id":"https:\/\/dentalandbeauty.it\/#website"},"primaryImageOfPage":{"@id":"https:\/\/dentalandbeauty.it\/turismo-dentale-albania\/#primaryimage"},"image":{"@id":"https:\/\/dentalandbeauty.it\/turismo-dentale-albania\/#primaryimage"},"thumbnailUrl":"https:\/\/dentalandbeauty.it\/wp-content\/uploads\/2017\/10\/turismo-dentale-albania-500x325.jpg","datePublished":"2017-10-04T10:22:57+00:00","dateModified":"2026-02-25T09:55:22+00:00","description":"Turiz\u00ebm dentar n\u00eb Shqip\u00ebri me trajtime cil\u00ebsore dhe \u00e7mime t\u00eb p\u00ebrballueshme n\u00eb Tiran\u00eb.","breadcrumb":{"@id":"https:\/\/dentalandbeauty.it\/turismo-dentale-albania\/#breadcrumb"},"inLanguage":"sq","potentialAction":[{"@type":"ReadAction","target":["https:\/\/dentalandbeauty.it\/turismo-dentale-albania\/"]}]},{"@type":"ImageObject","inLanguage":"sq","@id":"https:\/\/dentalandbeauty.it\/turismo-dentale-albania\/#primaryimage","url":"https:\/\/dentalandbeauty.it\/wp-content\/uploads\/2017\/10\/turismo-dentale-albania-500x325.jpg","contentUrl":"https:\/\/dentalandbeauty.it\/wp-content\/uploads\/2017\/10\/turismo-dentale-albania-500x325.jpg"},{"@type":"BreadcrumbList","@id":"https:\/\/dentalandbeauty.it\/turismo-dentale-albania\/#breadcrumb","itemListElement":[{"@type":"ListItem","position":1,"name":"Home","item":"https:\/\/dentalandbeauty.it\/"},{"@type":"ListItem","position":2,"name":"Turismo dentale Albania"}]},{"@type":"WebSite","@id":"https:\/\/dentalandbeauty.it\/#website","url":"https:\/\/dentalandbeauty.it\/","name":"Dentare &amp; Bukuri Tiran\u00eb","description":"Dentare &amp; Bukuri Tiran\u00eb","potentialAction":[{"@type":"SearchAction","target":{"@type":"EntryPoint","urlTemplate":"https:\/\/dentalandbeauty.it\/?s={search_term_string}"},"query-input":{"@type":"PropertyValueSpecification","valueRequired":true,"valueName":"search_term_string"}}],"inLanguage":"sq"}]}},"_links":{"self":[{"href":"https:\/\/dentalandbeauty.it\/sq\/wp-json\/wp\/v2\/pages\/6694","targetHints":{"allow":["GET"]}}],"collection":[{"href":"https:\/\/dentalandbeauty.it\/sq\/wp-json\/wp\/v2\/pages"}],"about":[{"href":"https:\/\/dentalandbeauty.it\/sq\/wp-json\/wp\/v2\/types\/page"}],"author":[{"embeddable":true,"href":"https:\/\/dentalandbeauty.it\/sq\/wp-json\/wp\/v2\/users\/1"}],"replies":[{"embeddable":true,"href":"https:\/\/dentalandbeauty.it\/sq\/wp-json\/wp\/v2\/comments?post=6694"}],"version-history":[{"count":1,"href":"https:\/\/dentalandbeauty.it\/sq\/wp-json\/wp\/v2\/pages\/6694\/revisions"}],"predecessor-version":[{"id":9858,"href":"https:\/\/dentalandbeauty.it\/sq\/wp-json\/wp\/v2\/pages\/6694\/revisions\/9858"}],"wp:attachment":[{"href":"https:\/\/dentalandbeauty.it\/sq\/wp-json\/wp\/v2\/media?parent=6694"}],"curies":[{"name":"wp","href":"https:\/\/api.w.org\/{rel}","templated":true}]}}