{"id":6689,"date":"2017-10-04T12:09:05","date_gmt":"2017-10-04T10:09:05","guid":{"rendered":"https:\/\/test.proclic.al\/?page_id=6689"},"modified":"2026-02-25T11:26:34","modified_gmt":"2026-02-25T10:26:34","slug":"dentisti-albania-prezzi","status":"publish","type":"page","link":"https:\/\/dentalandbeauty.it\/sq\/dentisti-albania-prezzi\/","title":{"rendered":"Dentist\u00ebt n\u00eb Shqip\u00ebri, \u00e7mimet"},"content":{"rendered":"<div class=\"wpb-content-wrapper\"><style type=\"text\/css\"><\/style><div class=\"vc_row wpb_row vc_row-fluid\"><div class=\"wpb_column vc_column_container vc_col-sm-12\"><div class=\"vc_column-inner\"><div class=\"wpb_wrapper\">\n\t<div class=\"wpb_text_column wpb_content_element\" >\n\t\t<div class=\"wpb_wrapper\">\n\t\t\t<h2>Dentisti juaj i besuesh\u00ebm me \u00e7mime konkurruese<\/h2>\n<p>I <strong><a href=\"https:\/\/dentalandbeauty.it\/sq\/\">\u00c7mimet e ofruara nga dentist\u00ebt n\u00eb Shqip\u00ebri<\/a><\/strong> Jan\u00eb shum\u00eb t\u00eb p\u00ebrballuesh\u00ebm. Do t\u00eb k\u00ebrkohet nj\u00eb pasqyr\u00eb dentare e qart\u00eb dhe e p\u00ebrdit\u00ebsuar e pacientit, n\u00eb m\u00ebnyr\u00eb q\u00eb, p\u00ebrve\u00e7 nj\u00eb vler\u00ebsimi falas, t\u00eb aplikohen \u00e7do zbritje. T\u00eb gjitha k\u00ebto pa kompromentuar kurr\u00eb cil\u00ebsin\u00eb.<\/p>\n<p>P\u00ebrve\u00e7 \u00e7mimeve t\u00eb p\u00ebrballueshme, ka edhe arsye t\u00eb tjera p\u00ebr t\u00eb zgjedhur dentist\u00ebt e Dental &amp; Beauty n\u00eb Shqip\u00ebri. Disa prej tyre jan\u00eb:<\/p>\n<p>\u2013\u00a0\u00a0\u00a0\u00a0\u00a0\u00a0\u00a0\u00a0\u00a0 <strong>Cil\u00ebsia e sh\u00ebrbimeve<\/strong>. Ne p\u00ebrdorim materiale moderne dhe pajisjet m\u00eb t\u00eb mira.<\/p>\n<p>\u2013\u00a0\u00a0\u00a0\u00a0\u00a0\u00a0\u00a0\u00a0\u00a0 <strong>Garancia<\/strong>. Protezat dentare vijn\u00eb me garanci 10-vje\u00e7are, nd\u00ebrsa punimet n\u00eb implantologji vijn\u00eb me garanci t\u00eb p\u00ebrjetshme.<\/p>\n<p>\u2013\u00a0\u00a0\u00a0\u00a0\u00a0\u00a0\u00a0\u00a0\u00a0 <strong>Siguri<\/strong>. Pacienti mbahet i informuar gjat\u00eb t\u00eb gjitha fazave t\u00eb trajtimit.<\/p>\n<p>\u2013\u00a0\u00a0\u00a0\u00a0\u00a0\u00a0\u00a0\u00a0\u00a0 <strong>Diagnostika<\/strong>. Fal\u00eb pajisjeve q\u00eb p\u00ebrdorim, ne mund t\u00eb diagnostikojm\u00eb dhe t\u00eb propozojm\u00eb nj\u00eb plan trajtimi shum\u00eb t\u00eb sakt\u00eb.<\/p>\n<p>\u2013\u00a0\u00a0\u00a0\u00a0\u00a0\u00a0\u00a0\u00a0\u00a0 <strong>Strehim falas<\/strong>. Ne mund t'ju ofrojm\u00eb apartamente t\u00eb vendosura n\u00eb af\u00ebrsi t\u00eb menj\u00ebhershme t\u00eb klinik\u00ebs.<\/p>\n<p><img loading=\"lazy\" decoding=\"async\" class=\"aligncenter size-blog-masonry-thumb wp-image-6690\" src=\"https:\/\/dentalandbeauty.it\/wp-content\/uploads\/2017\/10\/dentisti-albania-prezzi-580x325.jpg\" alt=\"\" width=\"580\" height=\"325\" \/><\/p>\n<p>Me <a href=\"https:\/\/dentalandbeauty.it\/sq\/cmimet\/\">\u00c7mimet e dentist\u00ebve n\u00eb Shqip\u00ebri<\/a> N\u00eb Dental &amp; Beauty mund t\u00eb kurseni deri n\u00eb 60% krahasuar me shumic\u00ebn e klinikave italiane. Cil\u00ebsia e sh\u00ebrbimit nuk ndryshon. N\u00eb fakt, \u00ebsht\u00eb fal\u00eb taksave t\u00eb ul\u00ebta dhe kostove t\u00eb moderuara t\u00eb ambienteve ku operojm\u00eb q\u00eb mund t'ju ofrojm\u00eb nj\u00eb sh\u00ebrbim optimal.<\/p>\n<p>\u00c7mimet dentare n\u00eb Shqip\u00ebri ndryshojn\u00eb n\u00eb var\u00ebsi t\u00eb procedur\u00ebs, por t\u00eb gjitha \u00e7mimet jan\u00eb t\u00eb pap\u00ebrballueshme krahasuar me klinikat italiane. Ne ofrojm\u00eb zgjidhje t\u00eb personalizuara, me cil\u00ebsi t\u00eb lart\u00eb dhe t\u00eb p\u00ebrballueshme. Mund t\u00eb kurseni deri n\u00eb 60% me dentist\u00ebt e Dental &amp; Beauty n\u00eb Shqip\u00ebri.<\/p>\n<p>P\u00ebr m\u00eb shum\u00eb informacion mbi \u00e7mimet e dentist\u00ebve n\u00eb Shqip\u00ebri, telefononi numrin e m\u00ebposht\u00ebm: <a href=\"tel:00355695850555\">+355 69 58 50 555<\/a> ose na shkruani me email n\u00eb <a href=\"mailto:info@dentalandbeauty.it\">info@dentalandbeauty.it<\/a>. Si alternativ\u00eb, plot\u00ebsoni formularin.<\/p>\n\n\t\t<\/div>\n\t<\/div>\n<\/div><\/div><\/div><\/div>\n<\/div>","protected":false},"excerpt":{"rendered":"Il vostro dentista di fiducia a prezzi competitivi I prezzi che offrono i dentisti in Albania sono molto convenienti. Sar\u00e0 necessaria una panoramica dentale chiara e aggiornata del paziente, in questo modo oltre ad un preventivo gratuito sar\u00e0 possibile applicare eventuali sconto. Tutto ci\u00f2 senza mai rinunciare alla qualit\u00e0. Oltre ai prezzi convenienti ci sono...","protected":false},"author":1,"featured_media":0,"parent":0,"menu_order":0,"comment_status":"closed","ping_status":"closed","template":"","meta":{"footnotes":""},"class_list":["post-6689","page","type-page","status-publish","hentry"],"yoast_head":"<!-- This site is optimized with the Yoast SEO plugin v27.4 - https:\/\/yoast.com\/product\/yoast-seo-wordpress\/ -->\n<title>Dentisti Albania \u2013 Prezzi Trattamenti - Dental &amp; Beauty<\/title>\n<meta name=\"description\" content=\"Prezzi dentistici in Albania trasparenti e competitivi per trattamenti di alta qualit\u00e0 presso Dental &amp; Beauty Tirana.\" \/>\n<meta name=\"robots\" content=\"index, follow, max-snippet:-1, max-image-preview:large, max-video-preview:-1\" \/>\n<link rel=\"canonical\" href=\"https:\/\/dentalandbeauty.it\/sq\/dentisti-albania-prezzi\/\" \/>\n<meta property=\"og:locale\" content=\"sq_AL\" \/>\n<meta property=\"og:type\" content=\"article\" \/>\n<meta property=\"og:title\" content=\"Dentisti Albania \u2013 Prezzi Trattamenti - Dental &amp; Beauty\" \/>\n<meta property=\"og:description\" content=\"Prezzi dentistici in Albania trasparenti e competitivi per trattamenti di alta qualit\u00e0 presso Dental &amp; Beauty Tirana.\" \/>\n<meta property=\"og:url\" content=\"https:\/\/dentalandbeauty.it\/sq\/dentisti-albania-prezzi\/\" \/>\n<meta property=\"og:site_name\" content=\"Dental &amp; Beauty Tirana\" \/>\n<meta property=\"article:publisher\" content=\"https:\/\/www.facebook.com\/dentalandbeautytirana\" \/>\n<meta property=\"article:modified_time\" content=\"2026-02-25T10:26:34+00:00\" \/>\n<meta property=\"og:image\" content=\"https:\/\/dentalandbeauty.it\/wp-content\/uploads\/2017\/10\/dentisti-albania-prezzi.jpg\" \/>\n\t<meta property=\"og:image:width\" content=\"1000\" \/>\n\t<meta property=\"og:image:height\" content=\"667\" \/>\n\t<meta property=\"og:image:type\" content=\"image\/jpeg\" \/>\n<meta name=\"twitter:card\" content=\"summary_large_image\" \/>\n<meta name=\"twitter:label1\" content=\"Est. reading time\" \/>\n\t<meta name=\"twitter:data1\" content=\"2 minuta\" \/>\n<!-- \/ Yoast SEO plugin. -->","yoast_head_json":{"title":"Dentist\u00eb n\u00eb Shqip\u00ebri \u2013 \u00c7mimet e Trajtimeve - Dental &amp; Beauty","description":"Zbuloni \u00e7mimet e dentist\u00ebve n\u00eb Shqip\u00ebri p\u00ebr implante, kurora dhe trajtime dentare moderne. Cil\u00ebsi e lart\u00eb dhe kursim i konsideruesh\u00ebm krahasuar me Evrop\u00ebn.","robots":{"index":"index","follow":"follow","max-snippet":"max-snippet:-1","max-image-preview":"max-image-preview:large","max-video-preview":"max-video-preview:-1"},"canonical":"https:\/\/dentalandbeauty.it\/sq\/dentisti-albania-prezzi\/","og_locale":"sq_AL","og_type":"article","og_title":"Dentisti Albania \u2013 Prezzi Trattamenti - Dental & Beauty","og_description":"Prezzi dentistici in Albania trasparenti e competitivi per trattamenti di alta qualit\u00e0 presso Dental & Beauty Tirana.","og_url":"https:\/\/dentalandbeauty.it\/sq\/dentisti-albania-prezzi\/","og_site_name":"Dental &amp; Beauty Tirana","article_publisher":"https:\/\/www.facebook.com\/dentalandbeautytirana","article_modified_time":"2026-02-25T10:26:34+00:00","og_image":[{"width":1000,"height":667,"url":"https:\/\/dentalandbeauty.it\/wp-content\/uploads\/2017\/10\/dentisti-albania-prezzi.jpg","type":"image\/jpeg"}],"twitter_card":"summary_large_image","twitter_misc":{"Est. reading time":"2 minuta"},"schema":{"@context":"https:\/\/schema.org","@graph":[{"@type":"WebPage","@id":"https:\/\/dentalandbeauty.it\/dentisti-albania-prezzi\/","url":"https:\/\/dentalandbeauty.it\/dentisti-albania-prezzi\/","name":"Dentist\u00eb n\u00eb Shqip\u00ebri \u2013 \u00c7mimet e Trajtimeve - Dental &amp; Beauty","isPartOf":{"@id":"https:\/\/dentalandbeauty.it\/#website"},"primaryImageOfPage":{"@id":"https:\/\/dentalandbeauty.it\/dentisti-albania-prezzi\/#primaryimage"},"image":{"@id":"https:\/\/dentalandbeauty.it\/dentisti-albania-prezzi\/#primaryimage"},"thumbnailUrl":"https:\/\/dentalandbeauty.it\/wp-content\/uploads\/2017\/10\/dentisti-albania-prezzi-580x325.jpg","datePublished":"2017-10-04T10:09:05+00:00","dateModified":"2026-02-25T10:26:34+00:00","description":"Zbuloni \u00e7mimet e dentist\u00ebve n\u00eb Shqip\u00ebri p\u00ebr implante, kurora dhe trajtime dentare moderne. Cil\u00ebsi e lart\u00eb dhe kursim i konsideruesh\u00ebm krahasuar me Evrop\u00ebn.","breadcrumb":{"@id":"https:\/\/dentalandbeauty.it\/dentisti-albania-prezzi\/#breadcrumb"},"inLanguage":"sq","potentialAction":[{"@type":"ReadAction","target":["https:\/\/dentalandbeauty.it\/dentisti-albania-prezzi\/"]}]},{"@type":"ImageObject","inLanguage":"sq","@id":"https:\/\/dentalandbeauty.it\/dentisti-albania-prezzi\/#primaryimage","url":"https:\/\/dentalandbeauty.it\/wp-content\/uploads\/2017\/10\/dentisti-albania-prezzi-580x325.jpg","contentUrl":"https:\/\/dentalandbeauty.it\/wp-content\/uploads\/2017\/10\/dentisti-albania-prezzi-580x325.jpg"},{"@type":"BreadcrumbList","@id":"https:\/\/dentalandbeauty.it\/dentisti-albania-prezzi\/#breadcrumb","itemListElement":[{"@type":"ListItem","position":1,"name":"Home","item":"https:\/\/dentalandbeauty.it\/"},{"@type":"ListItem","position":2,"name":"Dentisti in Albania, prezzi"}]},{"@type":"WebSite","@id":"https:\/\/dentalandbeauty.it\/#website","url":"https:\/\/dentalandbeauty.it\/","name":"Dentare &amp; Bukuri Tiran\u00eb","description":"Dentare &amp; Bukuri Tiran\u00eb","potentialAction":[{"@type":"SearchAction","target":{"@type":"EntryPoint","urlTemplate":"https:\/\/dentalandbeauty.it\/?s={search_term_string}"},"query-input":{"@type":"PropertyValueSpecification","valueRequired":true,"valueName":"search_term_string"}}],"inLanguage":"sq"}]}},"_links":{"self":[{"href":"https:\/\/dentalandbeauty.it\/sq\/wp-json\/wp\/v2\/pages\/6689","targetHints":{"allow":["GET"]}}],"collection":[{"href":"https:\/\/dentalandbeauty.it\/sq\/wp-json\/wp\/v2\/pages"}],"about":[{"href":"https:\/\/dentalandbeauty.it\/sq\/wp-json\/wp\/v2\/types\/page"}],"author":[{"embeddable":true,"href":"https:\/\/dentalandbeauty.it\/sq\/wp-json\/wp\/v2\/users\/1"}],"replies":[{"embeddable":true,"href":"https:\/\/dentalandbeauty.it\/sq\/wp-json\/wp\/v2\/comments?post=6689"}],"version-history":[{"count":1,"href":"https:\/\/dentalandbeauty.it\/sq\/wp-json\/wp\/v2\/pages\/6689\/revisions"}],"predecessor-version":[{"id":9861,"href":"https:\/\/dentalandbeauty.it\/sq\/wp-json\/wp\/v2\/pages\/6689\/revisions\/9861"}],"wp:attachment":[{"href":"https:\/\/dentalandbeauty.it\/sq\/wp-json\/wp\/v2\/media?parent=6689"}],"curies":[{"name":"wp","href":"https:\/\/api.w.org\/{rel}","templated":true}]}}