{"id":6667,"date":"2017-10-04T11:10:17","date_gmt":"2017-10-04T09:10:17","guid":{"rendered":"https:\/\/test.proclic.al\/?page_id=6667"},"modified":"2026-02-25T12:29:01","modified_gmt":"2026-02-25T11:29:01","slug":"protesi-dentali-albania","status":"publish","type":"page","link":"https:\/\/dentalandbeauty.it\/sq\/protesi-dentali-albania\/","title":{"rendered":"Protesi dentali in Albania"},"content":{"rendered":"<div class=\"wpb-content-wrapper\"><style type=\"text\/css\"><\/style><div class=\"vc_row wpb_row vc_row-fluid\"><div class=\"wpb_column vc_column_container vc_col-sm-12\"><div class=\"vc_column-inner\"><div class=\"wpb_wrapper\">\n\t<div class=\"wpb_text_column wpb_content_element\" >\n\t\t<div class=\"wpb_wrapper\">\n\t\t\t<h2>Ti sentirai come se fossero i tuoi denti<\/h2>\n<p>La mancanza totale o parziale dei denti si pu\u00f2 risolvere con l\u2019applicazione di protesi. La protesi sono composte da elementi dentari artificiali che sostituiscono i denti naturali. Il termine <strong><a href=\"https:\/\/dentalandbeauty.it\/sq\/\">protesi dentali in Albania <\/a><\/strong>\u00a0implica un vasto numero di soluzioni fra le quali si sceglie insieme al paziente quella pi\u00f9 adatta a lui.<\/p>\n<p><strong>Cosa si pu\u00f2 ottenere con una protesi dentali in Albania?<\/strong><\/p>\n<ul>\n<li>Si possono migliorare esteticamente e funzionalmente i denti<\/li>\n<li>Si possono proteggere i denti compromessi<\/li>\n<li>Si pu\u00f2 offrire una stabilit\u00e0 durevole nel tempo<\/li>\n<\/ul>\n<p><strong><img loading=\"lazy\" decoding=\"async\" class=\"aligncenter size-full wp-image-6668\" src=\"https:\/\/dentalandbeauty.it\/wp-content\/uploads\/2017\/10\/protesi-dentali-albania.jpg\" alt=\"\" width=\"800\" height=\"250\" srcset=\"https:\/\/dentalandbeauty.it\/wp-content\/uploads\/2017\/10\/protesi-dentali-albania.jpg 800w, https:\/\/dentalandbeauty.it\/wp-content\/uploads\/2017\/10\/protesi-dentali-albania-300x94.jpg 300w, https:\/\/dentalandbeauty.it\/wp-content\/uploads\/2017\/10\/protesi-dentali-albania-768x240.jpg 768w, https:\/\/dentalandbeauty.it\/wp-content\/uploads\/2017\/10\/protesi-dentali-albania-580x181.jpg 580w\" sizes=\"auto, (max-width: 800px) 100vw, 800px\" \/><\/strong><\/p>\n<p><strong>Perch\u00e9 scegliere Dental and Beauty per le protesi dentali in Albania?<\/strong><\/p>\n<ul>\n<li>Materiali certificati e di alta qualit\u00e0<\/li>\n<li>Staff di medici d\u2019avanguardia<\/li>\n<li>Risultato assolutamente adeguato alle tue aspettative<\/li>\n<\/ul>\n<p>Esistono diverse\u00a0tipologie di protesi dentali in Albania:<\/p>\n<ul>\n<li>Kuror\u00eb metaliko-qeramike e thjesht\u00eb<\/li>\n<li>Kuror\u00eb Qeramik-Zirkon e nd\u00ebrtuar me Sistemin Kompjuterik CAD-CAM<\/li>\n<li>Kuror\u00eb Provizore Rezine<\/li>\n<li>Protez\u00eb provizore e l\u00ebvizshme (p\u00ebr 1 hark dentar)<\/li>\n<li>Protez\u00eb totale e l\u00ebvizshme rezine (p\u00ebr 1 hark dentar)<\/li>\n<li>Protez\u00eb e skeletuar metalike<\/li>\n<li>Protez\u00eb e skeletuar me ngjitje<\/li>\n<li>Protesi\u00a0overdenture per Arcata<\/li>\n<\/ul>\n<p>&nbsp;<\/p>\n<p>Durante tutto l\u2019intervento dentale l\u2019alloggio sar\u00e0 gratuito in appartamento in Tirana. Inoltre mandandoci una PANORAMICA DENTALE chiara e aggiornata ti possiamo fare un preventivo gratuito.<\/p>\n<p>Per maggiori informazioni sulla protesi dentali in Albania chiama al nr <a href=\"tel:00355695850555\">+355 69 58 50 555<\/a> ose na shkruani me email n\u00eb <a href=\"mailto:info@dentalandbeauty.it\">info@dentalandbeauty.it<\/a>. Si alternativ\u00eb, plot\u00ebsoni formularin.<\/p>\n\n\t\t<\/div>\n\t<\/div>\n<\/div><\/div><\/div><\/div>\n<\/div>","protected":false},"excerpt":{"rendered":"Ti sentirai come se fossero i tuoi denti La mancanza totale o parziale dei denti si pu\u00f2 risolvere con l\u2019applicazione di protesi. La protesi sono composte da elementi dentari artificiali che sostituiscono i denti naturali. Il termine protesi dentali in Albania \u00a0implica un vasto numero di soluzioni fra le quali si sceglie insieme al paziente...","protected":false},"author":1,"featured_media":0,"parent":0,"menu_order":0,"comment_status":"closed","ping_status":"closed","template":"","meta":{"footnotes":""},"class_list":["post-6667","page","type-page","status-publish","hentry"],"yoast_head":"<!-- This site is optimized with the Yoast SEO plugin v27.4 - https:\/\/yoast.com\/product\/yoast-seo-wordpress\/ -->\n<title>Protesi Dentali in Albania - Soluzioni Fisse e Mobili<\/title>\n<meta name=\"description\" content=\"Protesi dentali in Albania per sorrisi naturali e funzionali, soluzioni personalizzate presso Dental &amp; Beauty Tirana.\" \/>\n<meta name=\"robots\" content=\"index, follow, max-snippet:-1, max-image-preview:large, max-video-preview:-1\" \/>\n<link rel=\"canonical\" href=\"https:\/\/dentalandbeauty.it\/sq\/protesi-dentali-albania\/\" \/>\n<meta property=\"og:locale\" content=\"sq_AL\" \/>\n<meta property=\"og:type\" content=\"article\" \/>\n<meta property=\"og:title\" content=\"Protesi Dentali in Albania - Soluzioni Fisse e Mobili\" \/>\n<meta property=\"og:description\" content=\"Protesi dentali in Albania per sorrisi naturali e funzionali, soluzioni personalizzate presso Dental &amp; Beauty Tirana.\" \/>\n<meta property=\"og:url\" content=\"https:\/\/dentalandbeauty.it\/sq\/protesi-dentali-albania\/\" \/>\n<meta property=\"og:site_name\" content=\"Dental &amp; Beauty Tirana\" \/>\n<meta property=\"article:publisher\" content=\"https:\/\/www.facebook.com\/dentalandbeautytirana\" \/>\n<meta property=\"article:modified_time\" content=\"2026-02-25T11:29:01+00:00\" \/>\n<meta property=\"og:image\" content=\"https:\/\/dentalandbeauty.it\/wp-content\/uploads\/2017\/10\/protesi-dentali-albania.jpg\" \/>\n\t<meta property=\"og:image:width\" content=\"800\" \/>\n\t<meta property=\"og:image:height\" content=\"250\" \/>\n\t<meta property=\"og:image:type\" content=\"image\/jpeg\" \/>\n<meta name=\"twitter:card\" content=\"summary_large_image\" \/>\n<meta name=\"twitter:label1\" content=\"Est. reading time\" \/>\n\t<meta name=\"twitter:data1\" content=\"2 minuta\" \/>\n<!-- \/ Yoast SEO plugin. -->","yoast_head_json":{"title":"Proteza Dentare n\u00eb Shqip\u00ebri - Zgjidhje Fikse dhe t\u00eb L\u00ebvizshme","description":"Implantologji dentare n\u00eb Shqip\u00ebri me rezultate natyrale dhe t\u00eb q\u00ebndrueshme.","robots":{"index":"index","follow":"follow","max-snippet":"max-snippet:-1","max-image-preview":"max-image-preview:large","max-video-preview":"max-video-preview:-1"},"canonical":"https:\/\/dentalandbeauty.it\/sq\/protesi-dentali-albania\/","og_locale":"sq_AL","og_type":"article","og_title":"Protesi Dentali in Albania - Soluzioni Fisse e Mobili","og_description":"Protesi dentali in Albania per sorrisi naturali e funzionali, soluzioni personalizzate presso Dental & Beauty Tirana.","og_url":"https:\/\/dentalandbeauty.it\/sq\/protesi-dentali-albania\/","og_site_name":"Dental &amp; Beauty Tirana","article_publisher":"https:\/\/www.facebook.com\/dentalandbeautytirana","article_modified_time":"2026-02-25T11:29:01+00:00","og_image":[{"width":800,"height":250,"url":"https:\/\/dentalandbeauty.it\/wp-content\/uploads\/2017\/10\/protesi-dentali-albania.jpg","type":"image\/jpeg"}],"twitter_card":"summary_large_image","twitter_misc":{"Est. reading time":"2 minuta"},"schema":{"@context":"https:\/\/schema.org","@graph":[{"@type":"WebPage","@id":"https:\/\/dentalandbeauty.it\/protesi-dentali-albania\/","url":"https:\/\/dentalandbeauty.it\/protesi-dentali-albania\/","name":"Proteza Dentare n\u00eb Shqip\u00ebri - Zgjidhje Fikse dhe t\u00eb L\u00ebvizshme","isPartOf":{"@id":"https:\/\/dentalandbeauty.it\/#website"},"primaryImageOfPage":{"@id":"https:\/\/dentalandbeauty.it\/protesi-dentali-albania\/#primaryimage"},"image":{"@id":"https:\/\/dentalandbeauty.it\/protesi-dentali-albania\/#primaryimage"},"thumbnailUrl":"https:\/\/dentalandbeauty.it\/wp-content\/uploads\/2017\/10\/protesi-dentali-albania.jpg","datePublished":"2017-10-04T09:10:17+00:00","dateModified":"2026-02-25T11:29:01+00:00","description":"Implantologji dentare n\u00eb Shqip\u00ebri me rezultate natyrale dhe t\u00eb q\u00ebndrueshme.","breadcrumb":{"@id":"https:\/\/dentalandbeauty.it\/protesi-dentali-albania\/#breadcrumb"},"inLanguage":"sq","potentialAction":[{"@type":"ReadAction","target":["https:\/\/dentalandbeauty.it\/protesi-dentali-albania\/"]}]},{"@type":"ImageObject","inLanguage":"sq","@id":"https:\/\/dentalandbeauty.it\/protesi-dentali-albania\/#primaryimage","url":"https:\/\/dentalandbeauty.it\/wp-content\/uploads\/2017\/10\/protesi-dentali-albania.jpg","contentUrl":"https:\/\/dentalandbeauty.it\/wp-content\/uploads\/2017\/10\/protesi-dentali-albania.jpg"},{"@type":"BreadcrumbList","@id":"https:\/\/dentalandbeauty.it\/protesi-dentali-albania\/#breadcrumb","itemListElement":[{"@type":"ListItem","position":1,"name":"Home","item":"https:\/\/dentalandbeauty.it\/"},{"@type":"ListItem","position":2,"name":"Protesi dentali in Albania"}]},{"@type":"WebSite","@id":"https:\/\/dentalandbeauty.it\/#website","url":"https:\/\/dentalandbeauty.it\/","name":"Dentare &amp; Bukuri Tiran\u00eb","description":"Dentare &amp; Bukuri Tiran\u00eb","potentialAction":[{"@type":"SearchAction","target":{"@type":"EntryPoint","urlTemplate":"https:\/\/dentalandbeauty.it\/?s={search_term_string}"},"query-input":{"@type":"PropertyValueSpecification","valueRequired":true,"valueName":"search_term_string"}}],"inLanguage":"sq"}]}},"_links":{"self":[{"href":"https:\/\/dentalandbeauty.it\/sq\/wp-json\/wp\/v2\/pages\/6667","targetHints":{"allow":["GET"]}}],"collection":[{"href":"https:\/\/dentalandbeauty.it\/sq\/wp-json\/wp\/v2\/pages"}],"about":[{"href":"https:\/\/dentalandbeauty.it\/sq\/wp-json\/wp\/v2\/types\/page"}],"author":[{"embeddable":true,"href":"https:\/\/dentalandbeauty.it\/sq\/wp-json\/wp\/v2\/users\/1"}],"replies":[{"embeddable":true,"href":"https:\/\/dentalandbeauty.it\/sq\/wp-json\/wp\/v2\/comments?post=6667"}],"version-history":[{"count":1,"href":"https:\/\/dentalandbeauty.it\/sq\/wp-json\/wp\/v2\/pages\/6667\/revisions"}],"predecessor-version":[{"id":9866,"href":"https:\/\/dentalandbeauty.it\/sq\/wp-json\/wp\/v2\/pages\/6667\/revisions\/9866"}],"wp:attachment":[{"href":"https:\/\/dentalandbeauty.it\/sq\/wp-json\/wp\/v2\/media?parent=6667"}],"curies":[{"name":"wp","href":"https:\/\/api.w.org\/{rel}","templated":true}]}}