{"id":6644,"date":"2017-10-03T17:10:38","date_gmt":"2017-10-03T15:10:38","guid":{"rendered":"https:\/\/test.proclic.al\/?page_id=6644"},"modified":"2024-02-05T18:34:15","modified_gmt":"2024-02-05T17:34:15","slug":"ginecomastia-albania","status":"publish","type":"page","link":"https:\/\/dentalandbeauty.it\/sq\/ginecomastia-albania\/","title":{"rendered":"Ginecomastia in Albania"},"content":{"rendered":"<div class=\"wpb-content-wrapper\"><style type=\"text\/css\"><\/style><div class=\"vc_row wpb_row vc_row-fluid\"><div class=\"wpb_column vc_column_container vc_col-sm-12\"><div class=\"vc_column-inner\"><div class=\"wpb_wrapper\">\n\t<div class=\"wpb_text_column wpb_content_element\" >\n\t\t<div class=\"wpb_wrapper\">\n\t\t\t<h2>Il tuo sogno di pettorali tonici e sodi diventer\u00e0 finalmente realt\u00e0<\/h2>\n<p>E\u2019 necessario ricorrere alla <a href=\"https:\/\/dentalandbeauty.it\/sq\/\">ginecomastia in Albania<\/a> quando si realizza un anomalo sviluppo della ghiandola mammaria nell\u2019uomo, in alcuni casi arrivando ad assomigliare al seno femminile. Esiste per\u00f2 anche la pseudo ginecomastia la quale viene causata da un semplice accumulo di grasso.<\/p>\n<p><strong>A chi viene consigliata la <\/strong><strong>ginecomastia in Albania?<\/strong><\/p>\n<ul>\n<li>Agli uomini che presentano uno sviluppo eccessivo del tessuto ghiandolare (in questo caso si tratta di ginecomastia vera)<\/li>\n<li>Agli uomini con uno sviluppo eccessivo sia del tessuto ghiandolare che del tessuto adiposo (si tratta in questo caso di ginecomastia mista ed \u00e8 la forma pi\u00f9 diffusa)<\/li>\n<li>Agli uomini con uno sviluppo eccessivo del solo tessuto adiposo (si tratta in questo caso di ginecomastia falsa)<\/li>\n<\/ul>\n<p><strong>Eksaminimi preoperativ i <\/strong><strong>ginecomastia in Albania.<\/strong><\/p>\n<ul>\n<li>Nel corso della prima visita preoperatoria si deve informare il chirurgo di qualsiasi eventuale trattamento di farmaci (parliamo di cortisonici, anticoagulanti, antibiotici, antipertensivi, ipoglicemizzanti, cardioattivi, contraccettivi, eccitanti, tranquillanti, sonniferi ecc.)<\/li>\n<li>Una settimana prima si deve eliminare il fumo<\/li>\n<li>In caso di insorgenza di raffreddore, mal di gola, malattie della pelle, tosse segnalare immediatamente<\/li>\n<li>Per lo meno una settimana prima si deve sospendere l\u2019assunzione di medicinali che contengono acido acetilsalicilico (es Alka Seltzer, Aspirina, Bufferin, Ascriptin, Vivin C, Cemerit, ecc)<\/li>\n<li>Si deve praticare un accurato bagno di pulizia completo, e non si devono mettere creme o olii per il corpo<\/li>\n<li>Non si devono assumere cibi dalla mezzanotte in poi, si possono assumere liquidi chiari (the, acqua) fino a 6 ore prima dell\u2019intervento.<\/li>\n<\/ul>\n<p><strong><img loading=\"lazy\" decoding=\"async\" class=\"aligncenter size-full wp-image-6645\" src=\"https:\/\/dentalandbeauty.it\/wp-content\/uploads\/2017\/10\/ginecomastia-albania.jpg\" alt=\"\" width=\"705\" height=\"270\" srcset=\"https:\/\/dentalandbeauty.it\/wp-content\/uploads\/2017\/10\/ginecomastia-albania.jpg 705w, https:\/\/dentalandbeauty.it\/wp-content\/uploads\/2017\/10\/ginecomastia-albania-300x115.jpg 300w, https:\/\/dentalandbeauty.it\/wp-content\/uploads\/2017\/10\/ginecomastia-albania-580x222.jpg 580w\" sizes=\"auto, (max-width: 705px) 100vw, 705px\" \/>Si do t\u00eb jet\u00eb periudha pas operacionit?\u00a0 <\/strong><strong>ginecomastia in Albania?<\/strong><\/p>\n<p>Dopo solo alcune ore dal\u2019intervento il paziente pu\u00f2 cominciare le proprie attivit\u00e0 anche se con moderazione. Dopo 5-6 giorni dall\u2019intervento vengono rimossi tutti i punti di sutura cutanei. Nel corso dei primi giorni i movimenti delle spalle e delle braccia devono essere limitati. Si riprenderanno gradualmente nel corso dei giorni.<\/p>\n<p>Si pu\u00f2 guidare dopo almeno una settimana, mentre l\u2019attivit\u00e0 fisica abituale viene consentita dopo 3-4 settimane. \u00c8 possibile che sia necessario un \u201critocco\u201d dopo 6 mesi. Questo sarebbe un normale momento di rifinitura del risultato e non un\u2019errata condotta dell\u2019intervento.<\/p>\n<p>Questo pu\u00f2 succedere in caso di imprevedibile assestamento dei tessuti operati in quanto la cicatrizzazione dipende dalla risposta del paziente e dall\u2019et\u00e0.<\/p>\n<p><strong>Ginecomastia in Albania: costi<\/strong><\/p>\n<p>Kostoja e <strong>ginecomastia in Albania<\/strong> dipende dalla tipologia, il prezzo varia dai <strong>\u20ac <\/strong><strong>2.500 \u2013 2.800<\/strong>. Affidandoti a Dental &amp; Beauty risparmierai fino a 60% rispetto alla maggior parte delle cliniche italiane e allo stesso tempo otterrai la stessa qualit\u00e0 e garanzia del made in Italy.<\/p>\n<p>P\u00ebr informacione t\u00eb m\u00ebtejshme mbi <strong>ginecomastia in Albania<\/strong> Na kontaktoni n\u00eb <a href=\"tel:00355695850555\">+355 69 58 50 555<\/a> ose na shkruani me email n\u00eb <a href=\"mailto:info@dentalandbeauty.it\">info@dentalandbeauty.it<\/a>. Si alternativ\u00eb, plot\u00ebsoni formularin.<\/p>\n\n\t\t<\/div>\n\t<\/div>\n<\/div><\/div><\/div><\/div>\n<\/div>","protected":false},"excerpt":{"rendered":"Il tuo sogno di pettorali tonici e sodi diventer\u00e0 finalmente realt\u00e0 E\u2019 necessario ricorrere alla ginecomastia in Albania quando si realizza un anomalo sviluppo della ghiandola mammaria nell\u2019uomo, in alcuni casi arrivando ad assomigliare al seno femminile. Esiste per\u00f2 anche la pseudo ginecomastia la quale viene causata da un semplice accumulo di grasso. A chi...","protected":false},"author":1,"featured_media":0,"parent":0,"menu_order":0,"comment_status":"closed","ping_status":"closed","template":"","meta":{"footnotes":""},"class_list":["post-6644","page","type-page","status-publish","hentry"],"yoast_head":"<!-- This site is optimized with the Yoast SEO plugin v27.4 - https:\/\/yoast.com\/product\/yoast-seo-wordpress\/ -->\n<title>Ginecomastia Albania: Prezzi e Risultati<\/title>\n<meta name=\"description\" content=\"Trattamento ginecomastia in Albania con risultati naturali presso Dental &amp; Beauty Tirana.\" \/>\n<meta name=\"robots\" content=\"index, follow, max-snippet:-1, max-image-preview:large, max-video-preview:-1\" \/>\n<link rel=\"canonical\" href=\"https:\/\/dentalandbeauty.it\/sq\/ginecomastia-albania\/\" \/>\n<meta property=\"og:locale\" content=\"sq_AL\" \/>\n<meta property=\"og:type\" content=\"article\" \/>\n<meta property=\"og:title\" content=\"Ginecomastia Albania: Prezzi e Risultati\" \/>\n<meta property=\"og:description\" content=\"Trattamento ginecomastia in Albania con risultati naturali presso Dental &amp; Beauty Tirana.\" \/>\n<meta property=\"og:url\" content=\"https:\/\/dentalandbeauty.it\/sq\/ginecomastia-albania\/\" \/>\n<meta property=\"og:site_name\" content=\"Dental &amp; Beauty Tirana\" \/>\n<meta property=\"article:publisher\" content=\"https:\/\/www.facebook.com\/dentalandbeautytirana\" \/>\n<meta property=\"article:modified_time\" content=\"2024-02-05T17:34:15+00:00\" \/>\n<meta property=\"og:image\" content=\"https:\/\/dentalandbeauty.it\/wp-content\/uploads\/2017\/10\/ginecomastia-albania.jpg\" \/>\n\t<meta property=\"og:image:width\" content=\"705\" \/>\n\t<meta property=\"og:image:height\" content=\"270\" \/>\n\t<meta property=\"og:image:type\" content=\"image\/jpeg\" \/>\n<meta name=\"twitter:card\" content=\"summary_large_image\" \/>\n<meta name=\"twitter:label1\" content=\"Est. reading time\" \/>\n\t<meta name=\"twitter:data1\" content=\"3 minuta\" \/>\n<!-- \/ Yoast SEO plugin. -->","yoast_head_json":{"title":"Ginecomastia Albania: Prezzi e Risultati","description":"Kirurgjia e gjinekomastis\u00eb n\u00eb Shqip\u00ebri p\u00ebr konturim t\u00eb sigurt dhe efektiv t\u00eb kraharorit mashkullor.","robots":{"index":"index","follow":"follow","max-snippet":"max-snippet:-1","max-image-preview":"max-image-preview:large","max-video-preview":"max-video-preview:-1"},"canonical":"https:\/\/dentalandbeauty.it\/sq\/ginecomastia-albania\/","og_locale":"sq_AL","og_type":"article","og_title":"Ginecomastia Albania: Prezzi e Risultati","og_description":"Trattamento ginecomastia in Albania con risultati naturali presso Dental & Beauty Tirana.","og_url":"https:\/\/dentalandbeauty.it\/sq\/ginecomastia-albania\/","og_site_name":"Dental &amp; Beauty Tirana","article_publisher":"https:\/\/www.facebook.com\/dentalandbeautytirana","article_modified_time":"2024-02-05T17:34:15+00:00","og_image":[{"width":705,"height":270,"url":"https:\/\/dentalandbeauty.it\/wp-content\/uploads\/2017\/10\/ginecomastia-albania.jpg","type":"image\/jpeg"}],"twitter_card":"summary_large_image","twitter_misc":{"Est. reading time":"3 minuta"},"schema":{"@context":"https:\/\/schema.org","@graph":[{"@type":"WebPage","@id":"https:\/\/dentalandbeauty.it\/ginecomastia-albania\/","url":"https:\/\/dentalandbeauty.it\/ginecomastia-albania\/","name":"Ginecomastia Albania: Prezzi e Risultati","isPartOf":{"@id":"https:\/\/dentalandbeauty.it\/#website"},"primaryImageOfPage":{"@id":"https:\/\/dentalandbeauty.it\/ginecomastia-albania\/#primaryimage"},"image":{"@id":"https:\/\/dentalandbeauty.it\/ginecomastia-albania\/#primaryimage"},"thumbnailUrl":"https:\/\/dentalandbeauty.it\/wp-content\/uploads\/2017\/10\/ginecomastia-albania.jpg","datePublished":"2017-10-03T15:10:38+00:00","dateModified":"2024-02-05T17:34:15+00:00","description":"Kirurgjia e gjinekomastis\u00eb n\u00eb Shqip\u00ebri p\u00ebr konturim t\u00eb sigurt dhe efektiv t\u00eb kraharorit mashkullor.","breadcrumb":{"@id":"https:\/\/dentalandbeauty.it\/ginecomastia-albania\/#breadcrumb"},"inLanguage":"sq","potentialAction":[{"@type":"ReadAction","target":["https:\/\/dentalandbeauty.it\/ginecomastia-albania\/"]}]},{"@type":"ImageObject","inLanguage":"sq","@id":"https:\/\/dentalandbeauty.it\/ginecomastia-albania\/#primaryimage","url":"https:\/\/dentalandbeauty.it\/wp-content\/uploads\/2017\/10\/ginecomastia-albania.jpg","contentUrl":"https:\/\/dentalandbeauty.it\/wp-content\/uploads\/2017\/10\/ginecomastia-albania.jpg"},{"@type":"BreadcrumbList","@id":"https:\/\/dentalandbeauty.it\/ginecomastia-albania\/#breadcrumb","itemListElement":[{"@type":"ListItem","position":1,"name":"Home","item":"https:\/\/dentalandbeauty.it\/"},{"@type":"ListItem","position":2,"name":"Ginecomastia in Albania"}]},{"@type":"WebSite","@id":"https:\/\/dentalandbeauty.it\/#website","url":"https:\/\/dentalandbeauty.it\/","name":"Dentare &amp; Bukuri Tiran\u00eb","description":"Dentare &amp; Bukuri Tiran\u00eb","potentialAction":[{"@type":"SearchAction","target":{"@type":"EntryPoint","urlTemplate":"https:\/\/dentalandbeauty.it\/?s={search_term_string}"},"query-input":{"@type":"PropertyValueSpecification","valueRequired":true,"valueName":"search_term_string"}}],"inLanguage":"sq"}]}},"_links":{"self":[{"href":"https:\/\/dentalandbeauty.it\/sq\/wp-json\/wp\/v2\/pages\/6644","targetHints":{"allow":["GET"]}}],"collection":[{"href":"https:\/\/dentalandbeauty.it\/sq\/wp-json\/wp\/v2\/pages"}],"about":[{"href":"https:\/\/dentalandbeauty.it\/sq\/wp-json\/wp\/v2\/types\/page"}],"author":[{"embeddable":true,"href":"https:\/\/dentalandbeauty.it\/sq\/wp-json\/wp\/v2\/users\/1"}],"replies":[{"embeddable":true,"href":"https:\/\/dentalandbeauty.it\/sq\/wp-json\/wp\/v2\/comments?post=6644"}],"version-history":[{"count":0,"href":"https:\/\/dentalandbeauty.it\/sq\/wp-json\/wp\/v2\/pages\/6644\/revisions"}],"wp:attachment":[{"href":"https:\/\/dentalandbeauty.it\/sq\/wp-json\/wp\/v2\/media?parent=6644"}],"curies":[{"name":"wp","href":"https:\/\/api.w.org\/{rel}","templated":true}]}}