{"id":6566,"date":"2017-09-15T10:05:05","date_gmt":"2017-09-15T08:05:05","guid":{"rendered":"https:\/\/test.proclic.al\/?page_id=6566"},"modified":"2026-03-01T13:43:27","modified_gmt":"2026-03-01T12:43:27","slug":"lifting-frontale-sopracciglio-albania","status":"publish","type":"page","link":"https:\/\/dentalandbeauty.it\/sq\/lifting-frontale-sopracciglio-albania\/","title":{"rendered":"Lifting frontale o di sopracciglio in Albania"},"content":{"rendered":"<style type=\"text\/css\"><\/style><h2>I migliori chirurghi italiani a tua disposizione<\/h2>\n<p><a href=\"https:\/\/dentalandbeauty.it\/sq\/\"><strong>Lifting frontale o di sopracciglio in Albania<\/strong><\/a> \u00e8 un intervento chirurgico che serve a sollevare cute rilassata e ridurre la pelle in eccesso dalla fronte, serve anche per alzare il sopracciglio abbassato. Questo tipo di intervento risolve il problema delle rughe orizzontali che con il passare del tempo si sviluppano sulla fronte e il problema delle rughe glabellari verticali tra le sopracciglia.<\/p>\n<p><strong>Chi sono i migliori candidati al Lifting frontale o di sopracciglio in Albania?<br \/>\n<\/strong>I migliori candidati sono le donne o gli uomini della fascia 40-60 anni, il cui scopo \u00e8 quello di fermare i segni d\u2019invecchiamento. Ma questo intervento pu\u00f2 essere eseguito anche su persone pi\u00f9 giovani che hanno delle sopracciglia rilassate o rughe profonde sulla fronte e\/o tra la sopracciglia. Anche le persone con condizioni ereditarie di sopracciglia abbassata o pesanti possono aspettarsi buoni risultati dell\u2019intervento.<\/p>\n<p><strong>Visita preoperatoria per Lifting frontale o di sopracciglio in Albania.<br \/>\n<\/strong>Prima dell\u2019operazione si deve parlare con il chirurgo in merito alle eventuali terapie farmacologiche in atto. Due settimane prima si dovra sospendere l&#8217;assunzione di medicinali quali Aspirina, Bufferin, Ascriptin, Alka-Seltzer, Vivin C, Cemirit, ecc. Un mese prima \u00e8 consigliabile sospendere il fumo perch\u00e9 riduce l\u2019afflusso di sangue alla pelle e interferisce col processo di guarigione delle ferite.<\/p>\n<p>Inoltre verranno prescritti gli esami preoperatori di routine.<\/p>\n<p><strong><img loading=\"lazy\" decoding=\"async\" class=\"aligncenter size-full wp-image-6567\" src=\"https:\/\/dentalandbeauty.it\/wp-content\/uploads\/2017\/09\/lifting-fronatale-o-di-sopracciglio.jpg\" alt=\"\" width=\"800\" height=\"548\" srcset=\"https:\/\/dentalandbeauty.it\/wp-content\/uploads\/2017\/09\/lifting-fronatale-o-di-sopracciglio.jpg 800w, https:\/\/dentalandbeauty.it\/wp-content\/uploads\/2017\/09\/lifting-fronatale-o-di-sopracciglio-300x206.jpg 300w, https:\/\/dentalandbeauty.it\/wp-content\/uploads\/2017\/09\/lifting-fronatale-o-di-sopracciglio-768x526.jpg 768w, https:\/\/dentalandbeauty.it\/wp-content\/uploads\/2017\/09\/lifting-fronatale-o-di-sopracciglio-580x397.jpg 580w\" sizes=\"auto, (max-width: 800px) 100vw, 800px\" \/>Come sar\u00e0 il periodo post-operatorio del Lifting frontale o di sopracciglio in Albania?<br \/>\n<\/strong>Soggiornerete in ospedale per una o due notti e per alcuni giorni dovrete mantenere alcune bende attorno la fronte. Il dolore comunque \u00e8 facilmente controllabile con i comuni antidolorifici.<\/p>\n<p>Nei primi tre giorni sarebbe meglio soggiornare in ambienti freschi e mantenere il capo sollevato da due cuscini durante il riposo a letto per limitare il gonfiore.<\/p>\n<p>Dopo cinque giorni vengono rimossi la medicazione e i primi punti di suture. Dopo dieci giorni vengono rimossi tutti i punti.<\/p>\n<p>Nel corso della prima settimana il volto presenta un certo gonfiore che altera i tratti del viso: \u00e8 normale e\u00a0 regredir\u00e0 completamente. \u00c8 probabile che negli zigomi il gonfiore si riassorba in un periodo di tempo pi\u00f9 lungo.<\/p>\n<p>In alcune aree del volto potrebbe presentarsi anche un certo indurimento dei tessuti, il quale si risolver\u00e0 nel giro di alcuni mesi.\u00a0 All\u2019inizio si potr\u00e0 osservare una ipercorrezione ovvero un eccessivo sollevamento e tensione dei tessuti. Questo \u00e8 necessario per ottenere un buon risultato perch\u00e8 nelle settimane successive vi \u00e8 un \u201callentamento\u201d dei tessuti.<\/p>\n<p>Si presenter\u00e0 una diminuzione della sensibilit\u00e0 cutanea che riprender\u00e0 gradualmente, anche se una lieve ipoestesia pu\u00f2 persistere per alcuni mesi. Per questo motivo si consiglia di evitare l\u2019applicazione diretta di fonti di calore sul viso operato per evitare ustioni termiche.<\/p>\n<p>Nei primi cinque mesi potrai avvertire prurito e parestesie tipo piccole scosse elettriche, gocce d\u2019acqua che scivolano sulla pelle. Eventuali ondulazioni del cuoio capelluto in prossimit\u00e0 della cicatrice regrediscono spontaneamente col passare dei mesi.<\/p>\n<p><strong>Lifting frontale o di sopracciglio in Albania: costi<br \/>\n<\/strong>Kostoja e <strong>mini face-lifting in Albania<\/strong> \u00ebsht\u00eb i <strong>\u20ac 3.000<\/strong> tutto compreso. Da noi troverai prezzi bassi perch\u00e9 noi ci avvaliamo di bassi costi delle strutture e di limitata imposizione fiscale.<\/p>\n<p>P\u00ebr informacione t\u00eb m\u00ebtejshme mbi <strong>Lifting frontale o di sopracciglio in Albania<\/strong> Na kontaktoni n\u00eb <a href=\"tel:00355695850555\">+355 69 58 50 555<\/a> ose na shkruani me email n\u00eb <a href=\"mailto:info@dentalandbeauty.it\">info@dentalandbeauty.it<\/a>. Si alternativ\u00eb, plot\u00ebsoni formularin.<\/p>","protected":false},"excerpt":{"rendered":"<p>I migliori chirurghi italiani a tua disposizione Lifting frontale o di sopracciglio in Albania \u00e8 un intervento chirurgico che serve a sollevare cute rilassata e ridurre la pelle in eccesso dalla fronte, serve anche per alzare il sopracciglio abbassato. Questo tipo di intervento risolve il problema delle rughe orizzontali che con il passare del tempo&#8230;<\/p>","protected":false},"author":1,"featured_media":0,"parent":0,"menu_order":0,"comment_status":"closed","ping_status":"closed","template":"","meta":{"footnotes":""},"class_list":["post-6566","page","type-page","status-publish","hentry"],"yoast_head":"<!-- This site is optimized with the Yoast SEO plugin v27.4 - https:\/\/yoast.com\/product\/yoast-seo-wordpress\/ -->\n<title>Lifting Frontale Albania: Prezzi<\/title>\n<meta name=\"description\" content=\"Lifting frontale e sopracciglio in Albania per un aspetto pi\u00f9 aperto e disteso presso Dental &amp; Beauty Tirana.\" \/>\n<meta name=\"robots\" content=\"index, follow, max-snippet:-1, max-image-preview:large, max-video-preview:-1\" \/>\n<link rel=\"canonical\" href=\"https:\/\/dentalandbeauty.it\/sq\/lifting-frontale-sopracciglio-albania\/\" \/>\n<meta property=\"og:locale\" content=\"sq_AL\" \/>\n<meta property=\"og:type\" content=\"article\" \/>\n<meta property=\"og:title\" content=\"Lifting Frontale Albania: Prezzi\" \/>\n<meta property=\"og:description\" content=\"Lifting frontale e sopracciglio in Albania per un aspetto pi\u00f9 aperto e disteso presso Dental &amp; Beauty Tirana.\" \/>\n<meta property=\"og:url\" content=\"https:\/\/dentalandbeauty.it\/sq\/lifting-frontale-sopracciglio-albania\/\" \/>\n<meta property=\"og:site_name\" content=\"Dental &amp; Beauty Tirana\" \/>\n<meta property=\"article:publisher\" content=\"https:\/\/www.facebook.com\/dentalandbeautytirana\" \/>\n<meta property=\"article:modified_time\" content=\"2026-03-01T12:43:27+00:00\" \/>\n<meta property=\"og:image\" content=\"https:\/\/dentalandbeauty.it\/wp-content\/uploads\/2017\/09\/lifting-fronatale-o-di-sopracciglio.jpg\" \/>\n\t<meta property=\"og:image:width\" content=\"800\" \/>\n\t<meta property=\"og:image:height\" content=\"548\" \/>\n\t<meta property=\"og:image:type\" content=\"image\/jpeg\" \/>\n<meta name=\"twitter:card\" content=\"summary_large_image\" \/>\n<meta name=\"twitter:label1\" content=\"Est. reading time\" \/>\n\t<meta name=\"twitter:data1\" content=\"3 minuta\" \/>\n<!-- \/ Yoast SEO plugin. -->","yoast_head_json":{"title":"Lifting Frontale Albania: Prezzi","description":"Lifting frontal dhe i vetullave p\u00ebr reduktim rrudhash dhe pamje m\u00eb t\u00eb fresk\u00ebt.","robots":{"index":"index","follow":"follow","max-snippet":"max-snippet:-1","max-image-preview":"max-image-preview:large","max-video-preview":"max-video-preview:-1"},"canonical":"https:\/\/dentalandbeauty.it\/sq\/lifting-frontale-sopracciglio-albania\/","og_locale":"sq_AL","og_type":"article","og_title":"Lifting Frontale Albania: Prezzi","og_description":"Lifting frontale e sopracciglio in Albania per un aspetto pi\u00f9 aperto e disteso presso Dental & Beauty Tirana.","og_url":"https:\/\/dentalandbeauty.it\/sq\/lifting-frontale-sopracciglio-albania\/","og_site_name":"Dental &amp; Beauty Tirana","article_publisher":"https:\/\/www.facebook.com\/dentalandbeautytirana","article_modified_time":"2026-03-01T12:43:27+00:00","og_image":[{"width":800,"height":548,"url":"https:\/\/dentalandbeauty.it\/wp-content\/uploads\/2017\/09\/lifting-fronatale-o-di-sopracciglio.jpg","type":"image\/jpeg"}],"twitter_card":"summary_large_image","twitter_misc":{"Est. reading time":"3 minuta"},"schema":{"@context":"https:\/\/schema.org","@graph":[{"@type":"WebPage","@id":"https:\/\/dentalandbeauty.it\/lifting-frontale-sopracciglio-albania\/","url":"https:\/\/dentalandbeauty.it\/lifting-frontale-sopracciglio-albania\/","name":"Lifting Frontale Albania: Prezzi","isPartOf":{"@id":"https:\/\/dentalandbeauty.it\/#website"},"primaryImageOfPage":{"@id":"https:\/\/dentalandbeauty.it\/lifting-frontale-sopracciglio-albania\/#primaryimage"},"image":{"@id":"https:\/\/dentalandbeauty.it\/lifting-frontale-sopracciglio-albania\/#primaryimage"},"thumbnailUrl":"https:\/\/dentalandbeauty.it\/wp-content\/uploads\/2017\/09\/lifting-fronatale-o-di-sopracciglio.jpg","datePublished":"2017-09-15T08:05:05+00:00","dateModified":"2026-03-01T12:43:27+00:00","description":"Lifting frontal dhe i vetullave p\u00ebr reduktim rrudhash dhe pamje m\u00eb t\u00eb fresk\u00ebt.","breadcrumb":{"@id":"https:\/\/dentalandbeauty.it\/lifting-frontale-sopracciglio-albania\/#breadcrumb"},"inLanguage":"sq","potentialAction":[{"@type":"ReadAction","target":["https:\/\/dentalandbeauty.it\/lifting-frontale-sopracciglio-albania\/"]}]},{"@type":"ImageObject","inLanguage":"sq","@id":"https:\/\/dentalandbeauty.it\/lifting-frontale-sopracciglio-albania\/#primaryimage","url":"https:\/\/dentalandbeauty.it\/wp-content\/uploads\/2017\/09\/lifting-fronatale-o-di-sopracciglio.jpg","contentUrl":"https:\/\/dentalandbeauty.it\/wp-content\/uploads\/2017\/09\/lifting-fronatale-o-di-sopracciglio.jpg"},{"@type":"BreadcrumbList","@id":"https:\/\/dentalandbeauty.it\/lifting-frontale-sopracciglio-albania\/#breadcrumb","itemListElement":[{"@type":"ListItem","position":1,"name":"Home","item":"https:\/\/dentalandbeauty.it\/"},{"@type":"ListItem","position":2,"name":"Lifting frontale o di sopracciglio in Albania"}]},{"@type":"WebSite","@id":"https:\/\/dentalandbeauty.it\/#website","url":"https:\/\/dentalandbeauty.it\/","name":"Dentare &amp; Bukuri Tiran\u00eb","description":"Dentare &amp; Bukuri Tiran\u00eb","potentialAction":[{"@type":"SearchAction","target":{"@type":"EntryPoint","urlTemplate":"https:\/\/dentalandbeauty.it\/?s={search_term_string}"},"query-input":{"@type":"PropertyValueSpecification","valueRequired":true,"valueName":"search_term_string"}}],"inLanguage":"sq"}]}},"_links":{"self":[{"href":"https:\/\/dentalandbeauty.it\/sq\/wp-json\/wp\/v2\/pages\/6566","targetHints":{"allow":["GET"]}}],"collection":[{"href":"https:\/\/dentalandbeauty.it\/sq\/wp-json\/wp\/v2\/pages"}],"about":[{"href":"https:\/\/dentalandbeauty.it\/sq\/wp-json\/wp\/v2\/types\/page"}],"author":[{"embeddable":true,"href":"https:\/\/dentalandbeauty.it\/sq\/wp-json\/wp\/v2\/users\/1"}],"replies":[{"embeddable":true,"href":"https:\/\/dentalandbeauty.it\/sq\/wp-json\/wp\/v2\/comments?post=6566"}],"version-history":[{"count":1,"href":"https:\/\/dentalandbeauty.it\/sq\/wp-json\/wp\/v2\/pages\/6566\/revisions"}],"predecessor-version":[{"id":9896,"href":"https:\/\/dentalandbeauty.it\/sq\/wp-json\/wp\/v2\/pages\/6566\/revisions\/9896"}],"wp:attachment":[{"href":"https:\/\/dentalandbeauty.it\/sq\/wp-json\/wp\/v2\/media?parent=6566"}],"curies":[{"name":"wp","href":"https:\/\/api.w.org\/{rel}","templated":true}]}}