{"id":6563,"date":"2017-09-15T09:49:49","date_gmt":"2017-09-15T07:49:49","guid":{"rendered":"https:\/\/test.proclic.al\/?page_id=6563"},"modified":"2026-01-27T10:43:29","modified_gmt":"2026-01-27T09:43:29","slug":"mini-face-lifting-albania","status":"publish","type":"page","link":"https:\/\/dentalandbeauty.it\/sq\/mini-face-lifting-albania\/","title":{"rendered":"Mini face-lifting in Albania"},"content":{"rendered":"<style type=\"text\/css\"><\/style><h2>Chirurghi italiani altamente specializzati e prezzi che ti sorprenderanno \u00e8 quello che noi proponiamo.<\/h2>\n<p>Se il tuo viso ha perso la sua corretta definizione e vede la sua tonicit\u00e0 ridotta, ma non vuoi sottoporti a un lifting viso completo, il <strong><a href=\"https:\/\/dentalandbeauty.it\/sq\/\">mini face lifting in Albania<\/a><\/strong> pu\u00f2 essere la risposta che stavi cercando.<\/p>\n<p><strong>Chi sono i migliori candidati al mini face-lifting?<br \/>\n<\/strong>I migliori candidati sono le persone di et\u00e0 compresa tra\u00a0 quaranta e i sessanta anni, la cute dei quali ha ancora una cerata elasticit\u00e0 e hanno una struttura ossea ancora forte e ben definita.\u00a0 Un altro fattore importante da prendere in considerazione \u00e8 la stabilit\u00e0 emotiva del paziente. Una \u201cnuova faccia\u201d non significa per forza una nuova vita. Il paziente deve avere aspettative realistiche: si pu\u00f2 ottenere un miglioramento, non la perfezione.<\/p>\n<p><strong>Qual \u00e8 la differenza tra il mini face-lifting e il lifting completo?<br \/>\n<\/strong>Un mini face \u2013lifting consiste nel rafforzamento e riposizionamento del tessuto che ha perduto la sua naturale tonicit\u00e0. Invece un lifting completo riposiziona secondo un corretto vettore di trazione anche le strutture profonde.<\/p>\n<p>Un\u2019altra differenza \u00e8 che il mini face-lifting provoca meno dolore, lividi e gonfiore. Inoltre le cicatrici sono molto pi\u00f9 contenute e meno evidenti. Entro una settimana o poco pi\u00f9 potrai tornare alla normale routine.<\/p>\n<p>Questo tipo d\u2019intervento pu\u00f2 essere ripetuto, \u00e8 pi\u00f9 veloce del lifting viso completo e non necessita di anestesia generale. Anche per quanto riguarda i prezzi ha un costo inferiore di un lifting tradizionale.<\/p>\n<p><strong>Come sar\u00e0 la prima visita\u00a0 della mini face-lifting in Albania?<br \/>\n<\/strong>Nella prima visita il chirurgo valuter\u00e0 il viso, la cute, la struttura ossea e vengono prese in considerazione le condizioni fisiche che potrebbero causare problemi durante e dopo l\u2019intervento chirurgico.<\/p>\n<p>\u00c8 necessario sapere se il paziente fuma o se assume medicinali, in particolare aspirina o altro che abbia effetto sulla coagulazione del sangue.<\/p>\n<p>Verranno descritte le procedure dell\u2019intervento, spiegandoti rischi e limitazioni.<\/p>\n<p>Il chirurgo ti richieder\u00e0 esami clinici di laboratorio, una radiografia del torace e un elettrocardiogramma. Nel caso in cui il paziente sia una fumatrice o un fumatore verr\u00e0 richiesto di smettere di fumare (per lo meno nel periodo antecedente l\u2019intervento) in modo da evitare tutte le conseguenze negative che il fumo ha sulla vascolarizzazione verranno inoltre date delle specifiche istruzioni sugli eventuali farmaci da prendere prima e dopo l\u2019intervento.<\/p>\n<p><strong><img loading=\"lazy\" decoding=\"async\" class=\"aligncenter size-full wp-image-6564\" src=\"https:\/\/dentalandbeauty.it\/wp-content\/uploads\/2017\/09\/mini-face-lifting.jpg\" alt=\"\" width=\"700\" height=\"433\" srcset=\"https:\/\/dentalandbeauty.it\/wp-content\/uploads\/2017\/09\/mini-face-lifting.jpg 700w, https:\/\/dentalandbeauty.it\/wp-content\/uploads\/2017\/09\/mini-face-lifting-300x186.jpg 300w, https:\/\/dentalandbeauty.it\/wp-content\/uploads\/2017\/09\/mini-face-lifting-580x359.jpg 580w\" sizes=\"auto, (max-width: 700px) 100vw, 700px\" \/>Come sar\u00e0 il periodo post-operatorio della mini face-lifting in Albania?<br \/>\n<\/strong>La fasciatura ti verr\u00e0 rimossa alcuni giorni dopo e i primi punti cinque giorni dopo l\u2019intervento.<\/p>\n<p>Alcuni pazienti hanno una sensazione di tensione e di torpore sul viso e sul collo. Queste condizioni scompariranno\u00a0 in breve tempo, l\u2019intensit\u00e0 di tali condizioni varia molto da individuo a individuo.<\/p>\n<p>Gli gonfiori e rossori della cute diminuiranno progressivamente in una o due settimane dall\u2019intervento. Gradualmente verranno rimossi anche i punti di sutura. Nell\u2019arco di alcuni mesi si schiariranno le cicatrici arrossate in un primo tempo.<\/p>\n<p>Devi evitare l\u2019esposizione al sole per circa 40-60 giorni ed \u00e8 consigliabile comunque usare solari ad alta protezione.<\/p>\n<p>I cosmetici possono essere usati solo dopo che sono stati tolti i punti di sutura.<\/p>\n<p>Dalla terza settimana il tuo aspetto migliorer\u00e0 sensibilmente e le cicatrici col tempo risulteranno scarsamente visibili.<\/p>\n<p><strong>Mini face-lifting in Albania: costi<br \/>\n<\/strong>Kostoja e <strong>mini face-lifting in Albania<\/strong> e\u2019 di <strong>\u20ac 3.000<\/strong> tutto compreso.\u00a0 Il prezzo cosi basso \u00e8 conseguenza dei bassi costi delle strutture e alla limitata imposizione fiscale.<\/p>\n<p>P\u00ebr informacione t\u00eb m\u00ebtejshme mbi <strong>mini face-lifting in Albania<\/strong> Na kontaktoni n\u00eb <a href=\"tel:00355695850555\">+355 69 58 50 555<\/a> ose na shkruani me email n\u00eb <a href=\"mailto:info@dentalandbeauty.it\">info@dentalandbeauty.it<\/a>. Si alternativ\u00eb, plot\u00ebsoni formularin.<\/p>","protected":false},"excerpt":{"rendered":"<p>Chirurghi italiani altamente specializzati e prezzi che ti sorprenderanno \u00e8 quello che noi proponiamo. Se il tuo viso ha perso la sua corretta definizione e vede la sua tonicit\u00e0 ridotta, ma non vuoi sottoporti a un lifting viso completo, il mini face lifting in Albania pu\u00f2 essere la risposta che stavi cercando. Chi sono i&#8230;<\/p>","protected":false},"author":1,"featured_media":0,"parent":0,"menu_order":0,"comment_status":"closed","ping_status":"closed","template":"","meta":{"footnotes":""},"class_list":["post-6563","page","type-page","status-publish","hentry"],"yoast_head":"<!-- This site is optimized with the Yoast SEO plugin v27.4 - https:\/\/yoast.com\/product\/yoast-seo-wordpress\/ -->\n<title>Mini Lifting Viso Albania: Prezzi e Risultati<\/title>\n<meta name=\"description\" content=\"Mini lifting viso in Albania presso Dental &amp; Beauty Tirana per un aspetto ringiovanito e naturale.\" \/>\n<meta name=\"robots\" content=\"index, follow, max-snippet:-1, max-image-preview:large, max-video-preview:-1\" \/>\n<link rel=\"canonical\" href=\"https:\/\/dentalandbeauty.it\/sq\/mini-face-lifting-albania\/\" \/>\n<meta property=\"og:locale\" content=\"sq_AL\" \/>\n<meta property=\"og:type\" content=\"article\" \/>\n<meta property=\"og:title\" content=\"Mini Lifting Viso Albania: Prezzi e Risultati\" \/>\n<meta property=\"og:description\" content=\"Mini lifting viso in Albania presso Dental &amp; Beauty Tirana per un aspetto ringiovanito e naturale.\" \/>\n<meta property=\"og:url\" content=\"https:\/\/dentalandbeauty.it\/sq\/mini-face-lifting-albania\/\" \/>\n<meta property=\"og:site_name\" content=\"Dental &amp; Beauty Tirana\" \/>\n<meta property=\"article:publisher\" content=\"https:\/\/www.facebook.com\/dentalandbeautytirana\" \/>\n<meta property=\"article:modified_time\" content=\"2026-01-27T09:43:29+00:00\" \/>\n<meta property=\"og:image\" content=\"https:\/\/dentalandbeauty.it\/wp-content\/uploads\/2017\/09\/mini-face-lifting.jpg\" \/>\n\t<meta property=\"og:image:width\" content=\"700\" \/>\n\t<meta property=\"og:image:height\" content=\"433\" \/>\n\t<meta property=\"og:image:type\" content=\"image\/jpeg\" \/>\n<meta name=\"twitter:card\" content=\"summary_large_image\" \/>\n<meta name=\"twitter:label1\" content=\"Est. reading time\" \/>\n\t<meta name=\"twitter:data1\" content=\"3 minuta\" \/>\n<!-- \/ Yoast SEO plugin. -->","yoast_head_json":{"title":"Mini Lifting Viso Albania: Prezzi e Risultati","description":"Mini lifting i fytyr\u00ebs n\u00eb Shqip\u00ebri p\u00ebr pamje m\u00eb t\u00eb re dhe natyrale n\u00eb Dental &amp; Beauty Tirana.","robots":{"index":"index","follow":"follow","max-snippet":"max-snippet:-1","max-image-preview":"max-image-preview:large","max-video-preview":"max-video-preview:-1"},"canonical":"https:\/\/dentalandbeauty.it\/sq\/mini-face-lifting-albania\/","og_locale":"sq_AL","og_type":"article","og_title":"Mini Lifting Viso Albania: Prezzi e Risultati","og_description":"Mini lifting viso in Albania presso Dental & Beauty Tirana per un aspetto ringiovanito e naturale.","og_url":"https:\/\/dentalandbeauty.it\/sq\/mini-face-lifting-albania\/","og_site_name":"Dental &amp; Beauty Tirana","article_publisher":"https:\/\/www.facebook.com\/dentalandbeautytirana","article_modified_time":"2026-01-27T09:43:29+00:00","og_image":[{"width":700,"height":433,"url":"https:\/\/dentalandbeauty.it\/wp-content\/uploads\/2017\/09\/mini-face-lifting.jpg","type":"image\/jpeg"}],"twitter_card":"summary_large_image","twitter_misc":{"Est. reading time":"3 minuta"},"schema":{"@context":"https:\/\/schema.org","@graph":[{"@type":"WebPage","@id":"https:\/\/dentalandbeauty.it\/mini-face-lifting-albania\/","url":"https:\/\/dentalandbeauty.it\/mini-face-lifting-albania\/","name":"Mini Lifting Viso Albania: Prezzi e Risultati","isPartOf":{"@id":"https:\/\/dentalandbeauty.it\/#website"},"primaryImageOfPage":{"@id":"https:\/\/dentalandbeauty.it\/mini-face-lifting-albania\/#primaryimage"},"image":{"@id":"https:\/\/dentalandbeauty.it\/mini-face-lifting-albania\/#primaryimage"},"thumbnailUrl":"https:\/\/dentalandbeauty.it\/wp-content\/uploads\/2017\/09\/mini-face-lifting.jpg","datePublished":"2017-09-15T07:49:49+00:00","dateModified":"2026-01-27T09:43:29+00:00","description":"Mini lifting i fytyr\u00ebs n\u00eb Shqip\u00ebri p\u00ebr pamje m\u00eb t\u00eb re dhe natyrale n\u00eb Dental &amp; Beauty Tirana.","breadcrumb":{"@id":"https:\/\/dentalandbeauty.it\/mini-face-lifting-albania\/#breadcrumb"},"inLanguage":"sq","potentialAction":[{"@type":"ReadAction","target":["https:\/\/dentalandbeauty.it\/mini-face-lifting-albania\/"]}]},{"@type":"ImageObject","inLanguage":"sq","@id":"https:\/\/dentalandbeauty.it\/mini-face-lifting-albania\/#primaryimage","url":"https:\/\/dentalandbeauty.it\/wp-content\/uploads\/2017\/09\/mini-face-lifting.jpg","contentUrl":"https:\/\/dentalandbeauty.it\/wp-content\/uploads\/2017\/09\/mini-face-lifting.jpg"},{"@type":"BreadcrumbList","@id":"https:\/\/dentalandbeauty.it\/mini-face-lifting-albania\/#breadcrumb","itemListElement":[{"@type":"ListItem","position":1,"name":"Home","item":"https:\/\/dentalandbeauty.it\/"},{"@type":"ListItem","position":2,"name":"Mini face-lifting in Albania"}]},{"@type":"WebSite","@id":"https:\/\/dentalandbeauty.it\/#website","url":"https:\/\/dentalandbeauty.it\/","name":"Dentare &amp; Bukuri Tiran\u00eb","description":"Dentare &amp; Bukuri Tiran\u00eb","potentialAction":[{"@type":"SearchAction","target":{"@type":"EntryPoint","urlTemplate":"https:\/\/dentalandbeauty.it\/?s={search_term_string}"},"query-input":{"@type":"PropertyValueSpecification","valueRequired":true,"valueName":"search_term_string"}}],"inLanguage":"sq"}]}},"_links":{"self":[{"href":"https:\/\/dentalandbeauty.it\/sq\/wp-json\/wp\/v2\/pages\/6563","targetHints":{"allow":["GET"]}}],"collection":[{"href":"https:\/\/dentalandbeauty.it\/sq\/wp-json\/wp\/v2\/pages"}],"about":[{"href":"https:\/\/dentalandbeauty.it\/sq\/wp-json\/wp\/v2\/types\/page"}],"author":[{"embeddable":true,"href":"https:\/\/dentalandbeauty.it\/sq\/wp-json\/wp\/v2\/users\/1"}],"replies":[{"embeddable":true,"href":"https:\/\/dentalandbeauty.it\/sq\/wp-json\/wp\/v2\/comments?post=6563"}],"version-history":[{"count":1,"href":"https:\/\/dentalandbeauty.it\/sq\/wp-json\/wp\/v2\/pages\/6563\/revisions"}],"predecessor-version":[{"id":9661,"href":"https:\/\/dentalandbeauty.it\/sq\/wp-json\/wp\/v2\/pages\/6563\/revisions\/9661"}],"wp:attachment":[{"href":"https:\/\/dentalandbeauty.it\/sq\/wp-json\/wp\/v2\/media?parent=6563"}],"curies":[{"name":"wp","href":"https:\/\/api.w.org\/{rel}","templated":true}]}}