{"id":6559,"date":"2017-09-15T09:34:27","date_gmt":"2017-09-15T07:34:27","guid":{"rendered":"https:\/\/test.proclic.al\/?page_id=6559"},"modified":"2026-03-31T07:29:02","modified_gmt":"2026-03-31T05:29:02","slug":"mentoplastica-albania","status":"publish","type":"page","link":"https:\/\/dentalandbeauty.it\/sq\/mentoplastica-albania\/","title":{"rendered":"Mentoplastica in Albania"},"content":{"rendered":"<style type=\"text\/css\"><\/style><h2>Correzione del mento sfuggente o sporgente a un prezzo unico ed eseguito da professionisti altamente specializzati.<\/h2>\n<p>E <a href=\"https:\/\/dentalandbeauty.it\/sq\/\"><strong>Mentoplastica<\/strong> <strong>n\u00eb Shqip\u00ebri<\/strong><\/a> \u00e8 l\u2019intervento che permette di modificare la forma e la grandezza del mento in modo da dare un aspetto molto pi\u00f9 armonioso al volto. Oltre alla rimozione e al rimodellamento delle ossa del mento, questo tipo d\u2019intervento pu\u00f2 eseguirsi attraverso l&#8217;inserimento di protesi che possono essere autologhe (come il grasso) o artificiali. \u00a0Ma anche attraverso le iniezioni di prodotti riempitivi (fillers) riassorbibili. L&#8217;intervento dura quasi un&#8217;ora e si ottiene una ridefinizione delle forme del viso.<\/p>\n<h2><strong>Chi \u00e8 adatto a questa procedura?<\/strong><\/h2>\n<p>Il paziente adatto a questa procedura di chirurgia estetica, quindi alla <strong>Mentoplastica <\/strong><strong>n\u00eb Shqip\u00ebri<\/strong>, deve presentare una o pi\u00f9 delle seguenti caratteristiche:<\/p>\n<ul>\n<li>Diminuita sporgenza del mento (prognatismo)<\/li>\n<li>Mento sfuggente<\/li>\n<li>Mento asimmetrico<\/li>\n<\/ul>\n<p>La\u00a0Mentoplastica in Albania consente di aumentare mediante protesi (<strong>mentoplastica additiva<\/strong>) o diminuire (<strong>mentoplastica riduttiva<\/strong>) le dimensioni di un mento troppo piccolo,troppo grande o troppo largo. A volte l\u2019intervento di mentoplastica viene abbinato alla\u00a0rinoplastica\u00a0per ottenere un profilo del viso pi\u00f9 equilibrato e regolare.<\/p>\n<p>Per procedere all\u2019intervento chirurgico,\u00a0si deve avere 18 anni, in maniera tale che lo stadio di crescita ossea sia ormai compiuto. Da prendere in considerazione anche la reversibilit\u00e0 della mentoplastica additiva: \u00e8 sufficiente la rimozione chirurgica della protesi, per ripristinare i tratti somatici precedenti all\u2019intervento di Mentoplastica in Albania.<\/p>\n<h2><strong>Come sar\u00e0 la prima visita? <\/strong><\/h2>\n<p>Durante la visita verr\u00e0 presa in considerazione in particolare la forma del mento e le sue proporzioni rispetto al viso. Poi verr\u00e0 definito il tipo d\u2019intervento necessario: protesi o riduzione in base al grado del difetto o alle caratteristiche del volto.<\/p>\n<p>Il paziente viene invitato a descrivere le proprie aspettative e a commentare le cicatrici programmate. Verr\u00e0 inoltre informato per quanto riguarda i rischi, le complicanze, le controindicazioni e le caratteristiche del post operatorio.<\/p>\n<p>Vengono raccolte informazioni relative allo stato di salute generale. L\u2019attenta anamnesi \u00e8 molto importante per rilevare eventuali controindicazioni o limitazioni alla chirurgia della Mentoplastica in Albania.<\/p>\n<h2><strong>Come sar\u00e0 il periodo post-operatorio della Mentoplastica in Albania?<\/strong><\/h2>\n<p>Con i comuni analgesici si ottiene facilmente un buon comfort del paziente. Inoltre non sar\u00e0 necessario \u00a0rimuovere i punti di sutura perch\u00e8 sono riassorbibili.<\/p>\n<h2><strong><img loading=\"lazy\" decoding=\"async\" class=\"aligncenter size-full wp-image-6560\" src=\"https:\/\/dentalandbeauty.it\/wp-content\/uploads\/2017\/09\/mentoplastica.jpeg\" alt=\"\" width=\"767\" height=\"413\" srcset=\"https:\/\/dentalandbeauty.it\/wp-content\/uploads\/2017\/09\/mentoplastica.jpeg 767w, https:\/\/dentalandbeauty.it\/wp-content\/uploads\/2017\/09\/mentoplastica-300x162.jpeg 300w, https:\/\/dentalandbeauty.it\/wp-content\/uploads\/2017\/09\/mentoplastica-580x312.jpeg 580w\" sizes=\"auto, (max-width: 767px) 100vw, 767px\" \/>Mentoplastica in Albania: i costi<\/strong><\/h2>\n<p>Il costo della mentoplastica e\u2019 di <strong>2.300<\/strong> euro tutto compreso. Il prezzo cosi basso \u00e8 dovuto ai bassi costi delle strutture e alla limitata imposizione fiscale.<\/p>\n<p>Per maggiori informazioni sulla mentoplastica in Albania contattaci al nr <a href=\"tel:00355695850555\">+355 69 58 50 555<\/a> ose na shkruani me email n\u00eb <a href=\"mailto:info@dentalandbeauty.it\">info@dentalandbeauty.it<\/a>. Si alternativ\u00eb, plot\u00ebsoni formularin.<\/p>","protected":false},"excerpt":{"rendered":"<p>Correzione del mento sfuggente o sporgente a un prezzo unico ed eseguito da professionisti altamente specializzati. La Mentoplastica in Albania \u00e8 l\u2019intervento che permette di modificare la forma e la grandezza del mento in modo da dare un aspetto molto pi\u00f9 armonioso al volto. Oltre alla rimozione e al rimodellamento delle ossa del mento, questo&#8230;<\/p>","protected":false},"author":1,"featured_media":0,"parent":0,"menu_order":0,"comment_status":"closed","ping_status":"closed","template":"","meta":{"footnotes":""},"class_list":["post-6559","page","type-page","status-publish","hentry"],"yoast_head":"<!-- This site is optimized with the Yoast SEO plugin v27.4 - https:\/\/yoast.com\/product\/yoast-seo-wordpress\/ -->\n<title>Mentoplastica Albania: Prezzi e Risultati<\/title>\n<meta name=\"description\" content=\"Mentoplastica in Albania per armonizzare mento e profilo facciale presso Dental &amp; Beauty Tirana con risultati naturali.\" \/>\n<meta name=\"robots\" content=\"index, follow, max-snippet:-1, max-image-preview:large, max-video-preview:-1\" \/>\n<link rel=\"canonical\" href=\"https:\/\/dentalandbeauty.it\/sq\/mentoplastica-albania\/\" \/>\n<meta property=\"og:locale\" content=\"sq_AL\" \/>\n<meta property=\"og:type\" content=\"article\" \/>\n<meta property=\"og:title\" content=\"Mentoplastica Albania: Prezzi e Risultati\" \/>\n<meta property=\"og:description\" content=\"Mentoplastica in Albania per armonizzare mento e profilo facciale presso Dental &amp; Beauty Tirana con risultati naturali.\" \/>\n<meta property=\"og:url\" content=\"https:\/\/dentalandbeauty.it\/sq\/mentoplastica-albania\/\" \/>\n<meta property=\"og:site_name\" content=\"Dental &amp; Beauty Tirana\" \/>\n<meta property=\"article:publisher\" content=\"https:\/\/www.facebook.com\/dentalandbeautytirana\" \/>\n<meta property=\"article:modified_time\" content=\"2026-03-31T05:29:02+00:00\" \/>\n<meta property=\"og:image\" content=\"https:\/\/dentalandbeauty.it\/wp-content\/uploads\/2017\/09\/mentoplastica.jpeg\" \/>\n\t<meta property=\"og:image:width\" content=\"767\" \/>\n\t<meta property=\"og:image:height\" content=\"413\" \/>\n\t<meta property=\"og:image:type\" content=\"image\/jpeg\" \/>\n<meta name=\"twitter:card\" content=\"summary_large_image\" \/>\n<meta name=\"twitter:label1\" content=\"Est. reading time\" \/>\n\t<meta name=\"twitter:data1\" content=\"3 minuta\" \/>\n<!-- \/ Yoast SEO plugin. -->","yoast_head_json":{"title":"Mentoplastica Albania: Prezzi e Risultati","description":"Mentoplastik\u00eb n\u00eb Shqip\u00ebri p\u00ebr p\u00ebrmir\u00ebsim t\u00eb profilit dhe harmonis\u00eb s\u00eb fytyr\u00ebs.","robots":{"index":"index","follow":"follow","max-snippet":"max-snippet:-1","max-image-preview":"max-image-preview:large","max-video-preview":"max-video-preview:-1"},"canonical":"https:\/\/dentalandbeauty.it\/sq\/mentoplastica-albania\/","og_locale":"sq_AL","og_type":"article","og_title":"Mentoplastica Albania: Prezzi e Risultati","og_description":"Mentoplastica in Albania per armonizzare mento e profilo facciale presso Dental & Beauty Tirana con risultati naturali.","og_url":"https:\/\/dentalandbeauty.it\/sq\/mentoplastica-albania\/","og_site_name":"Dental &amp; Beauty Tirana","article_publisher":"https:\/\/www.facebook.com\/dentalandbeautytirana","article_modified_time":"2026-03-31T05:29:02+00:00","og_image":[{"width":767,"height":413,"url":"https:\/\/dentalandbeauty.it\/wp-content\/uploads\/2017\/09\/mentoplastica.jpeg","type":"image\/jpeg"}],"twitter_card":"summary_large_image","twitter_misc":{"Est. reading time":"3 minuta"},"schema":{"@context":"https:\/\/schema.org","@graph":[{"@type":"WebPage","@id":"https:\/\/dentalandbeauty.it\/mentoplastica-albania\/","url":"https:\/\/dentalandbeauty.it\/mentoplastica-albania\/","name":"Mentoplastica Albania: Prezzi e Risultati","isPartOf":{"@id":"https:\/\/dentalandbeauty.it\/#website"},"primaryImageOfPage":{"@id":"https:\/\/dentalandbeauty.it\/mentoplastica-albania\/#primaryimage"},"image":{"@id":"https:\/\/dentalandbeauty.it\/mentoplastica-albania\/#primaryimage"},"thumbnailUrl":"https:\/\/dentalandbeauty.it\/wp-content\/uploads\/2017\/09\/mentoplastica.jpeg","datePublished":"2017-09-15T07:34:27+00:00","dateModified":"2026-03-31T05:29:02+00:00","description":"Mentoplastik\u00eb n\u00eb Shqip\u00ebri p\u00ebr p\u00ebrmir\u00ebsim t\u00eb profilit dhe harmonis\u00eb s\u00eb fytyr\u00ebs.","breadcrumb":{"@id":"https:\/\/dentalandbeauty.it\/mentoplastica-albania\/#breadcrumb"},"inLanguage":"sq","potentialAction":[{"@type":"ReadAction","target":["https:\/\/dentalandbeauty.it\/mentoplastica-albania\/"]}]},{"@type":"ImageObject","inLanguage":"sq","@id":"https:\/\/dentalandbeauty.it\/mentoplastica-albania\/#primaryimage","url":"https:\/\/dentalandbeauty.it\/wp-content\/uploads\/2017\/09\/mentoplastica.jpeg","contentUrl":"https:\/\/dentalandbeauty.it\/wp-content\/uploads\/2017\/09\/mentoplastica.jpeg"},{"@type":"BreadcrumbList","@id":"https:\/\/dentalandbeauty.it\/mentoplastica-albania\/#breadcrumb","itemListElement":[{"@type":"ListItem","position":1,"name":"Home","item":"https:\/\/dentalandbeauty.it\/"},{"@type":"ListItem","position":2,"name":"Mentoplastica in Albania"}]},{"@type":"WebSite","@id":"https:\/\/dentalandbeauty.it\/#website","url":"https:\/\/dentalandbeauty.it\/","name":"Dentare &amp; Bukuri Tiran\u00eb","description":"Dentare &amp; Bukuri Tiran\u00eb","potentialAction":[{"@type":"SearchAction","target":{"@type":"EntryPoint","urlTemplate":"https:\/\/dentalandbeauty.it\/?s={search_term_string}"},"query-input":{"@type":"PropertyValueSpecification","valueRequired":true,"valueName":"search_term_string"}}],"inLanguage":"sq"}]}},"_links":{"self":[{"href":"https:\/\/dentalandbeauty.it\/sq\/wp-json\/wp\/v2\/pages\/6559","targetHints":{"allow":["GET"]}}],"collection":[{"href":"https:\/\/dentalandbeauty.it\/sq\/wp-json\/wp\/v2\/pages"}],"about":[{"href":"https:\/\/dentalandbeauty.it\/sq\/wp-json\/wp\/v2\/types\/page"}],"author":[{"embeddable":true,"href":"https:\/\/dentalandbeauty.it\/sq\/wp-json\/wp\/v2\/users\/1"}],"replies":[{"embeddable":true,"href":"https:\/\/dentalandbeauty.it\/sq\/wp-json\/wp\/v2\/comments?post=6559"}],"version-history":[{"count":1,"href":"https:\/\/dentalandbeauty.it\/sq\/wp-json\/wp\/v2\/pages\/6559\/revisions"}],"predecessor-version":[{"id":10081,"href":"https:\/\/dentalandbeauty.it\/sq\/wp-json\/wp\/v2\/pages\/6559\/revisions\/10081"}],"wp:attachment":[{"href":"https:\/\/dentalandbeauty.it\/sq\/wp-json\/wp\/v2\/media?parent=6559"}],"curies":[{"name":"wp","href":"https:\/\/api.w.org\/{rel}","templated":true}]}}