{"id":4435,"date":"2017-05-29T12:43:20","date_gmt":"2017-05-29T10:43:20","guid":{"rendered":"https:\/\/test.proclic.al\/?page_id=4435"},"modified":"2026-03-01T14:39:36","modified_gmt":"2026-03-01T13:39:36","slug":"i-nostri-materiali","status":"publish","type":"page","link":"https:\/\/dentalandbeauty.it\/sq\/i-nostri-materiali\/","title":{"rendered":"I Nostri Materiali"},"content":{"rendered":"<div class=\"wpb-content-wrapper\"><style type=\"text\/css\"><\/style><div class=\"vc_row wpb_row vc_row-fluid\"><div class=\"wpb_column vc_column_container vc_col-sm-12\"><div class=\"vc_column-inner\"><div class=\"wpb_wrapper\">\n\t<div class=\"wpb_text_column wpb_content_element\" >\n\t\t<div class=\"wpb_wrapper\">\n\t\t\t<h3 style=\"text-align: center; color: #ee2a93;\"><i class=\"fa fa-chevron-circle-down\"><\/i> Materiali per Cure Dentali<\/h3>\n\n\t\t<\/div>\n\t<\/div>\n\n\t<div class=\"wpb_text_column wpb_content_element\" >\n\t\t<div class=\"wpb_wrapper\">\n\t\t\t<div id='gallery-1' class='gallery galleryid-4435 gallery-columns-2 gallery-size-full'><figure class='gallery-item'>\n\t\t\t<div class='gallery-icon landscape'>\n\t\t\t\t<img loading=\"lazy\" decoding=\"async\" width=\"400\" height=\"170\" src=\"https:\/\/dentalandbeauty.it\/wp-content\/uploads\/2026\/01\/etk_logo_materiali.png\" class=\"attachment-full size-full\" alt=\"Logo ETK, azienda Layra\" srcset=\"https:\/\/dentalandbeauty.it\/wp-content\/uploads\/2026\/01\/etk_logo_materiali.png 400w, https:\/\/dentalandbeauty.it\/wp-content\/uploads\/2026\/01\/etk_logo_materiali-300x128.png 300w, https:\/\/dentalandbeauty.it\/wp-content\/uploads\/2026\/01\/etk_logo_materiali-18x8.png 18w\" sizes=\"auto, (max-width: 400px) 100vw, 400px\" \/>\n\t\t\t<\/div><\/figure><figure class='gallery-item'>\n\t\t\t<div class='gallery-icon landscape'>\n\t\t\t\t<img loading=\"lazy\" decoding=\"async\" width=\"400\" height=\"170\" src=\"https:\/\/dentalandbeauty.it\/wp-content\/uploads\/2026\/01\/zirkon_logo_materiali.png\" class=\"attachment-full size-full\" alt=\"Logo aziendale Zirkon Zahn\" srcset=\"https:\/\/dentalandbeauty.it\/wp-content\/uploads\/2026\/01\/zirkon_logo_materiali.png 400w, https:\/\/dentalandbeauty.it\/wp-content\/uploads\/2026\/01\/zirkon_logo_materiali-300x128.png 300w, https:\/\/dentalandbeauty.it\/wp-content\/uploads\/2026\/01\/zirkon_logo_materiali-18x8.png 18w\" sizes=\"auto, (max-width: 400px) 100vw, 400px\" \/>\n\t\t\t<\/div><\/figure>\n\t\t<\/div>\n\n\n\t\t<\/div>\n\t<\/div>\n<div class=\"vc_separator wpb_content_element vc_separator_align_center vc_sep_width_100 vc_sep_pos_align_center vc_separator_no_text vc_sep_color_grey wpb_content_element  wpb_content_element\" ><span class=\"vc_sep_holder vc_sep_holder_l\"><span class=\"vc_sep_line\"><\/span><\/span><span class=\"vc_sep_holder vc_sep_holder_r\"><span class=\"vc_sep_line\"><\/span><\/span>\n<\/div><div class=\"vc_empty_space\"   style=\"height: 32px\"><span class=\"vc_empty_space_inner\"><\/span><\/div>\n\t<div class=\"wpb_text_column wpb_content_element\" >\n\t\t<div class=\"wpb_wrapper\">\n\t\t\t<h3 style=\"text-align: center; color: #ee2a93;\"><i class=\"fa fa-chevron-circle-down\"><\/i> Materiali per\u00a0Chirurgia Estetica<\/h3>\n\n\t\t<\/div>\n\t<\/div>\n<div class=\"vc_empty_space\"   style=\"height: 32px\"><span class=\"vc_empty_space_inner\"><\/span><\/div>\n\t<div class=\"wpb_text_column wpb_content_element\" >\n\t\t<div class=\"wpb_wrapper\">\n\t\t\t<div id='gallery-2' class='gallery galleryid-4435 gallery-columns-2 gallery-size-full'><figure class='gallery-item'>\n\t\t\t<div class='gallery-icon landscape'>\n\t\t\t\t<img loading=\"lazy\" decoding=\"async\" width=\"400\" height=\"170\" src=\"https:\/\/dentalandbeauty.it\/wp-content\/uploads\/2026\/01\/mentor_logo_materiali.png\" class=\"attachment-full size-full\" alt=\"Logo Mentor\" srcset=\"https:\/\/dentalandbeauty.it\/wp-content\/uploads\/2026\/01\/mentor_logo_materiali.png 400w, https:\/\/dentalandbeauty.it\/wp-content\/uploads\/2026\/01\/mentor_logo_materiali-300x128.png 300w, https:\/\/dentalandbeauty.it\/wp-content\/uploads\/2026\/01\/mentor_logo_materiali-18x8.png 18w\" sizes=\"auto, (max-width: 400px) 100vw, 400px\" \/>\n\t\t\t<\/div><\/figure><figure class='gallery-item'>\n\t\t\t<div class='gallery-icon landscape'>\n\t\t\t\t<img loading=\"lazy\" decoding=\"async\" width=\"400\" height=\"170\" src=\"https:\/\/dentalandbeauty.it\/wp-content\/uploads\/2026\/01\/polytech_logo_materiali.png\" class=\"attachment-full size-full\" alt=\"Logo Polytech\" srcset=\"https:\/\/dentalandbeauty.it\/wp-content\/uploads\/2026\/01\/polytech_logo_materiali.png 400w, https:\/\/dentalandbeauty.it\/wp-content\/uploads\/2026\/01\/polytech_logo_materiali-300x128.png 300w, https:\/\/dentalandbeauty.it\/wp-content\/uploads\/2026\/01\/polytech_logo_materiali-18x8.png 18w\" sizes=\"auto, (max-width: 400px) 100vw, 400px\" \/>\n\t\t\t<\/div><\/figure>\n\t\t<\/div>\n\n\n\t\t<\/div>\n\t<\/div>\n<\/div><\/div><\/div><\/div>\n<\/div>","protected":false},"excerpt":{"rendered":"Materiali per Cure Dentali Materiali per\u00a0Chirurgia Estetica","protected":false},"author":1,"featured_media":0,"parent":0,"menu_order":0,"comment_status":"closed","ping_status":"closed","template":"","meta":{"footnotes":""},"class_list":["post-4435","page","type-page","status-publish","hentry"],"yoast_head":"<!-- This site is optimized with the Yoast SEO plugin v27.4 - https:\/\/yoast.com\/product\/yoast-seo-wordpress\/ -->\n<title>I Nostri Materiali Dentali - Qualit\u00e0 e Tecnologia<\/title>\n<meta name=\"description\" content=\"Scopri i materiali dentali certificati utilizzati da Dental &amp; Beauty Tirana per qualit\u00e0, sicurezza e durata.\" \/>\n<meta name=\"robots\" content=\"noindex, follow\" \/>\n<meta property=\"og:locale\" content=\"sq_AL\" \/>\n<meta property=\"og:type\" content=\"article\" \/>\n<meta property=\"og:title\" content=\"I Nostri Materiali Dentali - Qualit\u00e0 e Tecnologia\" \/>\n<meta property=\"og:description\" content=\"Scopri i materiali dentali certificati utilizzati da Dental &amp; Beauty Tirana per qualit\u00e0, sicurezza e durata.\" \/>\n<meta property=\"og:url\" content=\"https:\/\/dentalandbeauty.it\/sq\/i-nostri-materiali\/\" \/>\n<meta property=\"og:site_name\" content=\"Dental &amp; Beauty Tirana\" \/>\n<meta property=\"article:publisher\" content=\"https:\/\/www.facebook.com\/dentalandbeautytirana\" \/>\n<meta property=\"article:modified_time\" content=\"2026-03-01T13:39:36+00:00\" \/>\n<meta property=\"og:image\" content=\"https:\/\/dentalandbeauty.it\/wp-content\/uploads\/2025\/06\/dentalandbeautytirana_logo_post.png\" \/>\n\t<meta property=\"og:image:width\" content=\"1200\" \/>\n\t<meta property=\"og:image:height\" content=\"675\" \/>\n\t<meta property=\"og:image:type\" content=\"image\/png\" \/>\n<meta name=\"twitter:card\" content=\"summary_large_image\" \/>\n<meta name=\"twitter:label1\" content=\"Est. reading time\" \/>\n\t<meta name=\"twitter:data1\" content=\"1 minut\u00eb\" \/>\n<!-- \/ Yoast SEO plugin. -->","yoast_head_json":{"title":"Materialet Tona Dentare - Cil\u00ebsi dhe Teknologji","description":"Materialet dentare t\u00eb certifikuara q\u00eb p\u00ebrdoren n\u00eb Dental &amp; Beauty Tirana p\u00ebr cil\u00ebsi dhe siguri.","robots":{"index":"noindex","follow":"follow"},"og_locale":"sq_AL","og_type":"article","og_title":"I Nostri Materiali Dentali - Qualit\u00e0 e Tecnologia","og_description":"Scopri i materiali dentali certificati utilizzati da Dental & Beauty Tirana per qualit\u00e0, sicurezza e durata.","og_url":"https:\/\/dentalandbeauty.it\/sq\/i-nostri-materiali\/","og_site_name":"Dental &amp; Beauty Tirana","article_publisher":"https:\/\/www.facebook.com\/dentalandbeautytirana","article_modified_time":"2026-03-01T13:39:36+00:00","og_image":[{"width":1200,"height":675,"url":"https:\/\/dentalandbeauty.it\/wp-content\/uploads\/2025\/06\/dentalandbeautytirana_logo_post.png","type":"image\/png"}],"twitter_card":"summary_large_image","twitter_misc":{"Est. reading time":"1 minut\u00eb"},"schema":{"@context":"https:\/\/schema.org","@graph":[{"@type":"WebPage","@id":"https:\/\/dentalandbeauty.it\/i-nostri-materiali\/","url":"https:\/\/dentalandbeauty.it\/i-nostri-materiali\/","name":"Materialet Tona Dentare - Cil\u00ebsi dhe Teknologji","isPartOf":{"@id":"https:\/\/dentalandbeauty.it\/#website"},"datePublished":"2017-05-29T10:43:20+00:00","dateModified":"2026-03-01T13:39:36+00:00","description":"Materialet dentare t\u00eb certifikuara q\u00eb p\u00ebrdoren n\u00eb Dental &amp; Beauty Tirana p\u00ebr cil\u00ebsi dhe siguri.","breadcrumb":{"@id":"https:\/\/dentalandbeauty.it\/i-nostri-materiali\/#breadcrumb"},"inLanguage":"sq","potentialAction":[{"@type":"ReadAction","target":["https:\/\/dentalandbeauty.it\/i-nostri-materiali\/"]}]},{"@type":"BreadcrumbList","@id":"https:\/\/dentalandbeauty.it\/i-nostri-materiali\/#breadcrumb","itemListElement":[{"@type":"ListItem","position":1,"name":"Home","item":"https:\/\/dentalandbeauty.it\/"},{"@type":"ListItem","position":2,"name":"I Nostri Materiali"}]},{"@type":"WebSite","@id":"https:\/\/dentalandbeauty.it\/#website","url":"https:\/\/dentalandbeauty.it\/","name":"Dentare &amp; Bukuri Tiran\u00eb","description":"Dentare &amp; Bukuri Tiran\u00eb","potentialAction":[{"@type":"SearchAction","target":{"@type":"EntryPoint","urlTemplate":"https:\/\/dentalandbeauty.it\/?s={search_term_string}"},"query-input":{"@type":"PropertyValueSpecification","valueRequired":true,"valueName":"search_term_string"}}],"inLanguage":"sq"}]}},"_links":{"self":[{"href":"https:\/\/dentalandbeauty.it\/sq\/wp-json\/wp\/v2\/pages\/4435","targetHints":{"allow":["GET"]}}],"collection":[{"href":"https:\/\/dentalandbeauty.it\/sq\/wp-json\/wp\/v2\/pages"}],"about":[{"href":"https:\/\/dentalandbeauty.it\/sq\/wp-json\/wp\/v2\/types\/page"}],"author":[{"embeddable":true,"href":"https:\/\/dentalandbeauty.it\/sq\/wp-json\/wp\/v2\/users\/1"}],"replies":[{"embeddable":true,"href":"https:\/\/dentalandbeauty.it\/sq\/wp-json\/wp\/v2\/comments?post=4435"}],"version-history":[{"count":2,"href":"https:\/\/dentalandbeauty.it\/sq\/wp-json\/wp\/v2\/pages\/4435\/revisions"}],"predecessor-version":[{"id":9650,"href":"https:\/\/dentalandbeauty.it\/sq\/wp-json\/wp\/v2\/pages\/4435\/revisions\/9650"}],"wp:attachment":[{"href":"https:\/\/dentalandbeauty.it\/sq\/wp-json\/wp\/v2\/media?parent=4435"}],"curies":[{"name":"wp","href":"https:\/\/api.w.org\/{rel}","templated":true}]}}