{"id":6474,"date":"2017-08-28T17:58:26","date_gmt":"2017-08-28T15:58:26","guid":{"rendered":"https:\/\/test.proclic.al\/?page_id=6474"},"modified":"2024-02-05T18:55:00","modified_gmt":"2024-02-05T17:55:00","slug":"chirurgia-estetica-plastica-seno-albania","status":"publish","type":"page","link":"https:\/\/dentalandbeauty.it\/en\/chirurgia-estetica-plastica-seno-albania\/","title":{"rendered":"Chirurgia estetica del seno in Albania"},"content":{"rendered":"<div class=\"wpb-content-wrapper\"><style type=\"text\/css\"><\/style><div class=\"vc_row wpb_row vc_row-fluid\"><div class=\"wpb_column vc_column_container vc_col-sm-12\"><div class=\"vc_column-inner\"><div class=\"wpb_wrapper\">\n\t<div class=\"wpb_text_column wpb_content_element\" >\n\t\t<div class=\"wpb_wrapper\">\n\t\t\t<h3>Riporta l\u2019armonia nell\u2019immagine del paziente.<\/h3>\n<p>Il seno caratterizza il corpo delle donne segnando le curve della sensualit\u00e0, \u00e8 il simbolo massimo della femminilit\u00e0. Per questo motivo i difetti di questa parte, le asimmetrie e lo sviluppo anomalo possono influenzare la stabilit\u00e0 emotiva della donna. Ecco perch\u00e9 la <strong>chirurgia estetica del seno<\/strong> <strong>in Albania<\/strong> \u00e8 diventato uno degli interventi maggiormente richiesto in chirurgia estetica. Oggi sono tante le donne che decidono di sottoporsi a questo intervento, per migliorare non solo l\u2019immagine del corpo ma anche la propria autostima.<\/p>\n<h3>Quali interventi offriamo?<\/h3>\n<p>Gli interventi di <strong>chirurgia estetica del seno<\/strong> <strong>in Albania<\/strong> che noi offriamo sono:<\/p>\n<ul>\n<li>Mastoplastica additiva: l\u2019intervento che regala curve pi\u00f9 abbondanti e sensuali anche al seno pi\u00f9 magro.<\/li>\n<li>Mastoplasitca riduttiva: in grado di ridimensionare seni troppo abbondanti e asimmetrici e di ridisegnare il profilo.<\/li>\n<li>Mastopessi: \u00e8 il lifting del seno<\/li>\n<li>Mastopessi con protesi<\/li>\n<li>Ginecomastia: modellamento del seno maschile<\/li>\n<\/ul>\n<h3>A chi viene consigliata la mastoplastica additiva?<\/h3>\n<p>La mastoplastica additiva, uno degli interventi di <strong>chirurgia estetica del seno<\/strong> <strong>in Albania<\/strong>, viene consigliata a chi:<\/p>\n<ul>\n<li>ha un seno troppo piccolo e non \u00e8 contenta delle dimensioni del proprio seno<\/li>\n<li>ha subito uno svuotamento accompagnato da un lieve rilassamento del seno, a causa di dimagrimento, allattamento, gravidanza od invecchiamento<\/li>\n<li>non \u00e8 soddisfatta delle dimensioni fornite da un precedente intervento<\/li>\n<li>ha delle asimmetrie di mammelle<\/li>\n<\/ul>\n<h3>Quale paziente \u00e8 adatta ad una procedura di chirurgia estetica del seno in Albania?<\/h3>\n<p>Le caratteristiche della paziente adatta ad una procedura di questo tipo sono le seguenti:<\/p>\n<ul>\n<li>Buono stato di salute<\/li>\n<li>Aspettativa realistica<\/li>\n<li>Adeguata maturit\u00e0 psicologica<\/li>\n<\/ul>\n<h3><strong><img loading=\"lazy\" decoding=\"async\" class=\"alignnone size-full wp-image-6475\" src=\"https:\/\/dentalandbeauty.it\/wp-content\/uploads\/2017\/08\/seno.jpg\" alt=\"\" width=\"750\" height=\"554\" srcset=\"https:\/\/dentalandbeauty.it\/wp-content\/uploads\/2017\/08\/seno.jpg 750w, https:\/\/dentalandbeauty.it\/wp-content\/uploads\/2017\/08\/seno-300x222.jpg 300w, https:\/\/dentalandbeauty.it\/wp-content\/uploads\/2017\/08\/seno-580x428.jpg 580w\" sizes=\"auto, (max-width: 750px) 100vw, 750px\" \/><\/strong><\/h3>\n<h3>Da chi verr\u00e0 eseguito l\u2019intervento?<\/h3>\n<p>La chirurgia estetica del seno in Albania \u00e8 uno degli interventi pi\u00f9 complessi ed \u00e8 quindi indispensabile rivolgersi ad un chirurgo con una grande esperienza nel settore. La chirurgia deve essere attenta e scrupolosa. Affidandoti al team che Dental and Beauty mette a disposizione otterrete risultati sicuri e naturali perch\u00e9 il nostro \u00e8 un team composto da professionisti e specialisti altamente qualificati nel settore.<\/p>\n<h3>Quali sono I prezzi e i costi della chirurgia estetica del seno in Albania che noi proponiamo?<\/h3>\n<ul>\n<li>MASTOPLASTICA ADDITTIVA \u00a0\u00a0\u00a0\u00a0\u00a0\u20ac 3.500<\/li>\n<li>MASTOPLASTICA RIDUTTIVA \u20ac 3.800<\/li>\n<li>MASTOPESSI \u20ac 3.800<\/li>\n<li>MASTOPESSI CON PROTESI \u20ac 4.200<\/li>\n<li>GINECOMASTIA (LIPO) \u00a0\u00a0\u00a0\u00a0\u00a0\u00a0\u00a0\u00a0\u00a0\u00a0 \u20ac 2.500<\/li>\n<li>GINECOMASTIA VERA \u00a0\u00a0\u00a0\u00a0\u00a0\u00a0\u00a0\u00a0\u00a0\u00a0\u00a0\u20ac 2.800<\/li>\n<\/ul>\n<p>Per maggiori informazioni sulla chirurgia estetica del seno in Albania contattaci al nr <a href=\"tel:00355695850555\">+355 69 58 50 555<\/a> or write to us at <a href=\"mailto:info@dentalandbeauty.it\">info@dentalandbeauty.it<\/a>. Alternatively, fill in the form.<\/p>\n\n\t\t<\/div>\n\t<\/div>\n<\/div><\/div><\/div><\/div>\n<\/div>","protected":false},"excerpt":{"rendered":"Riporta l\u2019armonia nell\u2019immagine del paziente. Il seno caratterizza il corpo delle donne segnando le curve della sensualit\u00e0, \u00e8 il simbolo massimo della femminilit\u00e0. Per questo motivo i difetti di questa parte, le asimmetrie e lo sviluppo anomalo possono influenzare la stabilit\u00e0 emotiva della donna. Ecco perch\u00e9 la chirurgia estetica del seno in Albania \u00e8 diventato...","protected":false},"author":1,"featured_media":0,"parent":0,"menu_order":0,"comment_status":"closed","ping_status":"closed","template":"","meta":{"footnotes":""},"class_list":["post-6474","page","type-page","status-publish","hentry"],"yoast_head":"<!-- This site is optimized with the Yoast SEO plugin v27.4 - https:\/\/yoast.com\/product\/yoast-seo-wordpress\/ -->\n<title>Chirurgia Seno Albania: Interventi e Prezzi<\/title>\n<meta name=\"description\" content=\"Chirurgia plastica del seno in Albania con tecniche moderne e risultati naturali.\" \/>\n<meta name=\"robots\" content=\"index, follow, max-snippet:-1, max-image-preview:large, max-video-preview:-1\" \/>\n<link rel=\"canonical\" href=\"https:\/\/dentalandbeauty.it\/en\/chirurgia-estetica-plastica-seno-albania\/\" \/>\n<meta property=\"og:locale\" content=\"en_GB\" \/>\n<meta property=\"og:type\" content=\"article\" \/>\n<meta property=\"og:title\" content=\"Chirurgia Seno Albania: Interventi e Prezzi\" \/>\n<meta property=\"og:description\" content=\"Chirurgia plastica del seno in Albania con tecniche moderne e risultati naturali.\" \/>\n<meta property=\"og:url\" content=\"https:\/\/dentalandbeauty.it\/en\/chirurgia-estetica-plastica-seno-albania\/\" \/>\n<meta property=\"og:site_name\" content=\"Dental &amp; Beauty Tirana\" \/>\n<meta property=\"article:publisher\" content=\"https:\/\/www.facebook.com\/dentalandbeautytirana\" \/>\n<meta property=\"article:modified_time\" content=\"2024-02-05T17:55:00+00:00\" \/>\n<meta property=\"og:image\" content=\"https:\/\/dentalandbeauty.it\/wp-content\/uploads\/2017\/08\/seno.jpg\" \/>\n\t<meta property=\"og:image:width\" content=\"750\" \/>\n\t<meta property=\"og:image:height\" content=\"554\" \/>\n\t<meta property=\"og:image:type\" content=\"image\/jpeg\" \/>\n<meta name=\"twitter:card\" content=\"summary_large_image\" \/>\n<meta name=\"twitter:label1\" content=\"Estimated reading time\" \/>\n\t<meta name=\"twitter:data1\" content=\"2 minutes\" \/>\n<!-- \/ Yoast SEO plugin. -->","yoast_head_json":{"title":"Chirurgia Seno Albania: Interventi e Prezzi","description":"Chirurgia plastica del seno in Albania con tecniche moderne e risultati naturali.","robots":{"index":"index","follow":"follow","max-snippet":"max-snippet:-1","max-image-preview":"max-image-preview:large","max-video-preview":"max-video-preview:-1"},"canonical":"https:\/\/dentalandbeauty.it\/en\/chirurgia-estetica-plastica-seno-albania\/","og_locale":"en_GB","og_type":"article","og_title":"Chirurgia Seno Albania: Interventi e Prezzi","og_description":"Chirurgia plastica del seno in Albania con tecniche moderne e risultati naturali.","og_url":"https:\/\/dentalandbeauty.it\/en\/chirurgia-estetica-plastica-seno-albania\/","og_site_name":"Dental &amp; Beauty Tirana","article_publisher":"https:\/\/www.facebook.com\/dentalandbeautytirana","article_modified_time":"2024-02-05T17:55:00+00:00","og_image":[{"width":750,"height":554,"url":"https:\/\/dentalandbeauty.it\/wp-content\/uploads\/2017\/08\/seno.jpg","type":"image\/jpeg"}],"twitter_card":"summary_large_image","twitter_misc":{"Estimated reading time":"2 minutes"},"schema":{"@context":"https:\/\/schema.org","@graph":[{"@type":"WebPage","@id":"https:\/\/dentalandbeauty.it\/chirurgia-estetica-plastica-seno-albania\/","url":"https:\/\/dentalandbeauty.it\/chirurgia-estetica-plastica-seno-albania\/","name":"Chirurgia Seno Albania: Interventi e Prezzi","isPartOf":{"@id":"https:\/\/dentalandbeauty.it\/#website"},"primaryImageOfPage":{"@id":"https:\/\/dentalandbeauty.it\/chirurgia-estetica-plastica-seno-albania\/#primaryimage"},"image":{"@id":"https:\/\/dentalandbeauty.it\/chirurgia-estetica-plastica-seno-albania\/#primaryimage"},"thumbnailUrl":"https:\/\/dentalandbeauty.it\/wp-content\/uploads\/2017\/08\/seno.jpg","datePublished":"2017-08-28T15:58:26+00:00","dateModified":"2024-02-05T17:55:00+00:00","description":"Chirurgia plastica del seno in Albania con tecniche moderne e risultati naturali.","breadcrumb":{"@id":"https:\/\/dentalandbeauty.it\/chirurgia-estetica-plastica-seno-albania\/#breadcrumb"},"inLanguage":"en-GB","potentialAction":[{"@type":"ReadAction","target":["https:\/\/dentalandbeauty.it\/chirurgia-estetica-plastica-seno-albania\/"]}]},{"@type":"ImageObject","inLanguage":"en-GB","@id":"https:\/\/dentalandbeauty.it\/chirurgia-estetica-plastica-seno-albania\/#primaryimage","url":"https:\/\/dentalandbeauty.it\/wp-content\/uploads\/2017\/08\/seno.jpg","contentUrl":"https:\/\/dentalandbeauty.it\/wp-content\/uploads\/2017\/08\/seno.jpg"},{"@type":"BreadcrumbList","@id":"https:\/\/dentalandbeauty.it\/chirurgia-estetica-plastica-seno-albania\/#breadcrumb","itemListElement":[{"@type":"ListItem","position":1,"name":"Home","item":"https:\/\/dentalandbeauty.it\/"},{"@type":"ListItem","position":2,"name":"Chirurgia estetica del seno in Albania"}]},{"@type":"WebSite","@id":"https:\/\/dentalandbeauty.it\/#website","url":"https:\/\/dentalandbeauty.it\/","name":"Dental &amp; Beauty Tirana","description":"Dental &amp; Beauty Tirana","potentialAction":[{"@type":"SearchAction","target":{"@type":"EntryPoint","urlTemplate":"https:\/\/dentalandbeauty.it\/?s={search_term_string}"},"query-input":{"@type":"PropertyValueSpecification","valueRequired":true,"valueName":"search_term_string"}}],"inLanguage":"en-GB"}]}},"_links":{"self":[{"href":"https:\/\/dentalandbeauty.it\/en\/wp-json\/wp\/v2\/pages\/6474","targetHints":{"allow":["GET"]}}],"collection":[{"href":"https:\/\/dentalandbeauty.it\/en\/wp-json\/wp\/v2\/pages"}],"about":[{"href":"https:\/\/dentalandbeauty.it\/en\/wp-json\/wp\/v2\/types\/page"}],"author":[{"embeddable":true,"href":"https:\/\/dentalandbeauty.it\/en\/wp-json\/wp\/v2\/users\/1"}],"replies":[{"embeddable":true,"href":"https:\/\/dentalandbeauty.it\/en\/wp-json\/wp\/v2\/comments?post=6474"}],"version-history":[{"count":0,"href":"https:\/\/dentalandbeauty.it\/en\/wp-json\/wp\/v2\/pages\/6474\/revisions"}],"wp:attachment":[{"href":"https:\/\/dentalandbeauty.it\/en\/wp-json\/wp\/v2\/media?parent=6474"}],"curies":[{"name":"wp","href":"https:\/\/api.w.org\/{rel}","templated":true}]}}