{"id":6461,"date":"2017-08-23T16:38:02","date_gmt":"2017-08-23T14:38:02","guid":{"rendered":"https:\/\/test.proclic.al\/?page_id=6461"},"modified":"2026-03-30T06:44:59","modified_gmt":"2026-03-30T04:44:59","slug":"rinoplastica-albania","status":"publish","type":"page","link":"https:\/\/dentalandbeauty.it\/en\/rinoplastica-albania\/","title":{"rendered":"Interventi di rinoplastica in Albania. Dental &#038; Beauty."},"content":{"rendered":"<div class=\"wpb-content-wrapper\"><style type=\"text\/css\"><\/style><div class=\"vc_row wpb_row vc_row-fluid\"><div class=\"wpb_column vc_column_container vc_col-sm-12\"><div class=\"vc_column-inner\"><div class=\"wpb_wrapper\">\n\t<div class=\"wpb_text_column wpb_content_element\" >\n\t\t<div class=\"wpb_wrapper\">\n\t\t\t<h2><strong>Interventi di rinoplastica in Albania. Chirurghi esperti e qualificati per la tua bellezza.<\/strong><\/h2>\n<p>Dental &amp; Beauty \u00e8 la nuova clinica situata a Tirana, in Albania, che effettua numerosi interventi di chirurgia estetica svolti da chirurghi italiani altamente specializzati e di fama internazionale.<\/p>\n<p>Uno degli interventi pi\u00f9 richiesti \u00e8 la rinoplastica, cio\u00e8 l\u2019operazione volta a rifare il naso, correggere difetti ed inestetismi e dare una migliore proporzione al viso e al profilo.<\/p>\n<h3>Chi pu\u00f2 eseguire la rinoplastica?<\/h3>\n<p>L\u2019intervento di <strong><a href=\"https:\/\/dentalandbeauty.it\/en\/\">rinoplastica eseguito in Albania<\/a><\/strong> pu\u00f2 essere realizzato dopo i 15\/16 anni di et\u00e0, al termine dello sviluppo osseo ed \u00e8 un intervento consigliato sia per l\u2019uomo, che per la donna.<\/p>\n<p>L\u2019operazione di rinoplastica che effettuiamo in Albania dura da un minimo di 40 minuti sino a 2 \u00bd ore, in day hospital; in alcuni casi, il chirurgo plastico richiede 1 notte di degenza.<\/p>\n<h3>Visita prima della rinoplastica.<\/h3>\n<p>Chi sta pensando ad una rinoplastica pu\u00f2 effettuare una visita diretta con il chirurgo plastico specializzato. Effettuiamo visite programmate per gli interventi di rinoplastica in Albania con il nostri chirurghi esperti, i quali sapranno spiegarvi nei minimi dettagli le varie fasi dell\u2019operazione.<\/p>\n<p>Durante la visita il chirurgo plastico mostrer\u00e0 un\u2019anteprima del possibile risultato desiderato. In alcuni casi, qualora il paziente volesse ottenere il prima possibile un risultato immediato, indolore e non definitivo, potr\u00e0 anche consigliare un filler all\u2019acido ialuronico riassorbibile, per simulare la risoluzione di una gobba o di un difetto della punta del naso.<\/p>\n<p>Sar\u00e0 il chirurgo a stabilire quale tipo di procedura sar\u00e0 la pi\u00f9 adatta per garantire il risultato atteso.<\/p>\n<h3>Come avviene l\u2019intervento di rinoplastica?<\/h3>\n<p>Il rimodellamento del profilo avviene \u201csu misura\u201d, dopo un attento studio dei parametri e dell\u2019armonia facciale. Il miglioramento si ottiene mediante la riduzione ed il rimodellamento dello scheletro cartilagineo ed osseo, intervenendo dall\u2019interno delle narici, senza lasciare cicatrici visibili. Si ricorre a piccole e praticamente invisibili cicatrici esterne solo nel caso di rimodellamento delle narici o se si effettua una rinoplastica aperta. Questa \u00e8 la procedura per l\u2019intervento di rinoplastica in Albania, sebbene pi\u00f9 complessa tecnicamente, consente un livello di precisione molto pi\u00f9 alto poich\u00e9 le strutture nasali possono essere modificate sotto controllo visivo.<\/p>\n<div style=\"text-align: center;\"><img loading=\"lazy\" decoding=\"async\" class=\"aligncenter size-full wp-image-6606\" src=\"https:\/\/dentalandbeauty.it\/wp-content\/uploads\/2017\/08\/rinoplastica1.jpg\" alt=\"\" width=\"360\" height=\"195\" srcset=\"https:\/\/dentalandbeauty.it\/wp-content\/uploads\/2017\/08\/rinoplastica1.jpg 360w, https:\/\/dentalandbeauty.it\/wp-content\/uploads\/2017\/08\/rinoplastica1-300x163.jpg 300w\" sizes=\"auto, (max-width: 360px) 100vw, 360px\" \/><\/div>\n<h3>Fa male la rinoplastica?<\/h3>\n<p>Spesso si sente ripetere che la rinoplastica sia un intervento doloroso e che il post operatorio sia particolarmente fastidioso. A questo proposito \u00e8 bene sapere che durante l\u2019intervento il paziente non sente nulla perch\u00e9 viene eseguita una sedazione oltre che un\u2019anestesia locale, gli effetti dell\u2019anestesia proseguono anche dopo l\u2019intervento. L\u2019operazione di rinoplastica viene eseguita con tecniche innovative e meno invasive rispetto al passato, quindi sono previsti meno ematomi ed edemi.<\/p>\n<p>I dolori post operatori inoltre possono essere controllati con l\u2019assunzione di farmaci antidolorifici prescritti dal chirurgo dopo l\u2019intervento.<\/p>\n<p>Il risultato della rinoplastica \u00e8 un volto pi\u00f9 armonioso e simmetrico, ma anche una funzionalit\u00e0 ottimale e una riduzione o addirittura la scomparsa di problematiche legate alla deviazione del setto nasale. I risultati quindi sono sia estetici che funzionali. Questo aiuta molte persone a sentirsi a proprio agio con loro stesse. Il nuovo profilo sar\u00e0 visibile gi\u00e0 dopo un paio di settimane, anche se il risultato definitivo sar\u00e0 visibile dopo qualche tempo, dopo che il gonfiore e gli edemi post operatori saranno completamente rientrati.<\/p>\n<h3>Quanto costa la rinoplastica?<\/h3>\n<p>La rinoplastica pu\u00f2 andare dai 2.300\u20ac ai 2.500\u20ac a seconda che si tratti di rinoplastica estetica o di rinoplastica secondaria.<\/p>\n<p>I prezzi dell\u2019intervento eseguito nella nostra clinica a Tirana, in Albania, \u00e8 nettamente inferiore ai prezzi delle cliniche italiane che possono andare dai 4.000\u20ac ai 7000\u20ac.<\/p>\n<p>This large price difference is not due to the poor quality of the instruments used (which, on the contrary, comply with all European standards) but to the low cost of the facilities and limited taxation.<\/p>\n<p>The surgeons who perform the surgeries are all highly qualified and experienced Italians; in fact, they have a track record of international standing where they have distinguished themselves through perfect surgeries performed.<\/p>\n<h3>Vuoi maggiori informazioni sulla rinoplastica?<\/h3>\n<p>Per maggiori informazioni sugli interventi di rinoplastica svolti a Tirana, in Albania contattaci al numero \u00a0<a href=\"tel:00355695850555\">+355 69 58 50 555<\/a> or write to <a href=\"mailto:info@dentalandbeauty.it\">info@dentalandbeauty.it<\/a>, We will get back to you as soon as possible with all the information you need.<\/p>\n<p>Gli interventi di rinoplastica in Albania eseguiti da Dental &amp; Beauty sono sinonimo di sicurezza e qualit\u00e0!<\/p>\n\n\t\t<\/div>\n\t<\/div>\n<\/div><\/div><\/div><\/div>\n<\/div>","protected":false},"excerpt":{"rendered":"Interventi di rinoplastica in Albania. Chirurghi esperti e qualificati per la tua bellezza. Dental &amp; Beauty \u00e8 la nuova clinica situata a Tirana, in Albania, che effettua numerosi interventi di chirurgia estetica svolti da chirurghi italiani altamente specializzati e di fama internazionale. Uno degli interventi pi\u00f9 richiesti \u00e8 la rinoplastica, cio\u00e8 l\u2019operazione volta a rifare...","protected":false},"author":1,"featured_media":0,"parent":0,"menu_order":0,"comment_status":"closed","ping_status":"closed","template":"","meta":{"footnotes":""},"class_list":["post-6461","page","type-page","status-publish","hentry"],"yoast_head":"<!-- This site is optimized with the Yoast SEO plugin v27.4 - https:\/\/yoast.com\/product\/yoast-seo-wordpress\/ -->\n<title>Costo Rinoplastica Albania: Prezzi e Risultati<\/title>\n<meta name=\"description\" content=\"Rinoplastica in Albania: scopri costi e prezzi dell\u2019intervento con chirurghi esperti. Soluzioni sicure e risultati naturali per ogni paziente.\" \/>\n<meta name=\"robots\" content=\"index, follow, max-snippet:-1, max-image-preview:large, max-video-preview:-1\" \/>\n<link rel=\"canonical\" href=\"https:\/\/dentalandbeauty.it\/en\/rinoplastica-albania\/\" \/>\n<meta property=\"og:locale\" content=\"en_GB\" \/>\n<meta property=\"og:type\" content=\"article\" \/>\n<meta property=\"og:title\" content=\"Costo Rinoplastica Albania: Prezzi e Risultati\" \/>\n<meta property=\"og:description\" content=\"Rinoplastica in Albania: scopri costi e prezzi dell\u2019intervento con chirurghi esperti. Soluzioni sicure e risultati naturali per ogni paziente.\" \/>\n<meta property=\"og:url\" content=\"https:\/\/dentalandbeauty.it\/en\/rinoplastica-albania\/\" \/>\n<meta property=\"og:site_name\" content=\"Dental &amp; Beauty Tirana\" \/>\n<meta property=\"article:publisher\" content=\"https:\/\/www.facebook.com\/dentalandbeautytirana\" \/>\n<meta property=\"article:modified_time\" content=\"2026-03-30T04:44:59+00:00\" \/>\n<meta property=\"og:image\" content=\"https:\/\/dentalandbeauty.it\/wp-content\/uploads\/2017\/08\/rinoplastica1.jpg\" \/>\n\t<meta property=\"og:image:width\" content=\"360\" \/>\n\t<meta property=\"og:image:height\" content=\"195\" \/>\n\t<meta property=\"og:image:type\" content=\"image\/jpeg\" \/>\n<meta name=\"twitter:card\" content=\"summary_large_image\" \/>\n<meta name=\"twitter:label1\" content=\"Estimated reading time\" \/>\n\t<meta name=\"twitter:data1\" content=\"4 minutes\" \/>\n<!-- \/ Yoast SEO plugin. -->","yoast_head_json":{"title":"Costo Rinoplastica Albania: Prezzi e Risultati","description":"Rinoplastica in Albania: scopri costi e prezzi dell\u2019intervento con chirurghi esperti. Soluzioni sicure e risultati naturali per ogni paziente.","robots":{"index":"index","follow":"follow","max-snippet":"max-snippet:-1","max-image-preview":"max-image-preview:large","max-video-preview":"max-video-preview:-1"},"canonical":"https:\/\/dentalandbeauty.it\/en\/rinoplastica-albania\/","og_locale":"en_GB","og_type":"article","og_title":"Costo Rinoplastica Albania: Prezzi e Risultati","og_description":"Rinoplastica in Albania: scopri costi e prezzi dell\u2019intervento con chirurghi esperti. Soluzioni sicure e risultati naturali per ogni paziente.","og_url":"https:\/\/dentalandbeauty.it\/en\/rinoplastica-albania\/","og_site_name":"Dental &amp; Beauty Tirana","article_publisher":"https:\/\/www.facebook.com\/dentalandbeautytirana","article_modified_time":"2026-03-30T04:44:59+00:00","og_image":[{"width":360,"height":195,"url":"https:\/\/dentalandbeauty.it\/wp-content\/uploads\/2017\/08\/rinoplastica1.jpg","type":"image\/jpeg"}],"twitter_card":"summary_large_image","twitter_misc":{"Estimated reading time":"4 minutes"},"schema":{"@context":"https:\/\/schema.org","@graph":[{"@type":"WebPage","@id":"https:\/\/dentalandbeauty.it\/rinoplastica-albania\/","url":"https:\/\/dentalandbeauty.it\/rinoplastica-albania\/","name":"Costo Rinoplastica Albania: Prezzi e Risultati","isPartOf":{"@id":"https:\/\/dentalandbeauty.it\/#website"},"primaryImageOfPage":{"@id":"https:\/\/dentalandbeauty.it\/rinoplastica-albania\/#primaryimage"},"image":{"@id":"https:\/\/dentalandbeauty.it\/rinoplastica-albania\/#primaryimage"},"thumbnailUrl":"https:\/\/dentalandbeauty.it\/wp-content\/uploads\/2017\/08\/rinoplastica1.jpg","datePublished":"2017-08-23T14:38:02+00:00","dateModified":"2026-03-30T04:44:59+00:00","description":"Rinoplastica in Albania: scopri costi e prezzi dell\u2019intervento con chirurghi esperti. Soluzioni sicure e risultati naturali per ogni paziente.","breadcrumb":{"@id":"https:\/\/dentalandbeauty.it\/rinoplastica-albania\/#breadcrumb"},"inLanguage":"en-GB","potentialAction":[{"@type":"ReadAction","target":["https:\/\/dentalandbeauty.it\/rinoplastica-albania\/"]}]},{"@type":"ImageObject","inLanguage":"en-GB","@id":"https:\/\/dentalandbeauty.it\/rinoplastica-albania\/#primaryimage","url":"https:\/\/dentalandbeauty.it\/wp-content\/uploads\/2017\/08\/rinoplastica1.jpg","contentUrl":"https:\/\/dentalandbeauty.it\/wp-content\/uploads\/2017\/08\/rinoplastica1.jpg"},{"@type":"BreadcrumbList","@id":"https:\/\/dentalandbeauty.it\/rinoplastica-albania\/#breadcrumb","itemListElement":[{"@type":"ListItem","position":1,"name":"Home","item":"https:\/\/dentalandbeauty.it\/"},{"@type":"ListItem","position":2,"name":"Interventi di rinoplastica in Albania. Dental &#038; Beauty."}]},{"@type":"WebSite","@id":"https:\/\/dentalandbeauty.it\/#website","url":"https:\/\/dentalandbeauty.it\/","name":"Dental &amp; Beauty Tirana","description":"Dental &amp; Beauty Tirana","potentialAction":[{"@type":"SearchAction","target":{"@type":"EntryPoint","urlTemplate":"https:\/\/dentalandbeauty.it\/?s={search_term_string}"},"query-input":{"@type":"PropertyValueSpecification","valueRequired":true,"valueName":"search_term_string"}}],"inLanguage":"en-GB"}]}},"_links":{"self":[{"href":"https:\/\/dentalandbeauty.it\/en\/wp-json\/wp\/v2\/pages\/6461","targetHints":{"allow":["GET"]}}],"collection":[{"href":"https:\/\/dentalandbeauty.it\/en\/wp-json\/wp\/v2\/pages"}],"about":[{"href":"https:\/\/dentalandbeauty.it\/en\/wp-json\/wp\/v2\/types\/page"}],"author":[{"embeddable":true,"href":"https:\/\/dentalandbeauty.it\/en\/wp-json\/wp\/v2\/users\/1"}],"replies":[{"embeddable":true,"href":"https:\/\/dentalandbeauty.it\/en\/wp-json\/wp\/v2\/comments?post=6461"}],"version-history":[{"count":1,"href":"https:\/\/dentalandbeauty.it\/en\/wp-json\/wp\/v2\/pages\/6461\/revisions"}],"predecessor-version":[{"id":10060,"href":"https:\/\/dentalandbeauty.it\/en\/wp-json\/wp\/v2\/pages\/6461\/revisions\/10060"}],"wp:attachment":[{"href":"https:\/\/dentalandbeauty.it\/en\/wp-json\/wp\/v2\/media?parent=6461"}],"curies":[{"name":"wp","href":"https:\/\/api.w.org\/{rel}","templated":true}]}}