{"id":4620,"date":"2017-06-05T17:36:46","date_gmt":"2017-06-05T15:36:46","guid":{"rendered":"https:\/\/test.proclic.al\/?page_id=4620"},"modified":"2026-03-31T06:59:57","modified_gmt":"2026-03-31T04:59:57","slug":"dentures","status":"publish","type":"page","link":"https:\/\/dentalandbeauty.it\/en\/cure-dentali\/protesi-dentali\/","title":{"rendered":"Dental Prosthesis"},"content":{"rendered":"<div class=\"wpb-content-wrapper\"><style type=\"text\/css\"><\/style><div id=\"cmsms_row_69f72422b45715_51940096\" class=\"cmsms_row cmsms_color_scheme_default\">\n<div class=\"cmsms_row_outer_parent\">\n<div class=\"cmsms_row_outer\">\n<div class=\"cmsms_row_inner\">\n<div class=\"cmsms_row_margin\">\n<div class=\"cmsms_column one_first\">\n<div class=\"cmsms_text\">\n<div class=\"vc_row wpb_row vc_row-fluid\"><div class=\"wpb_column vc_column_container vc_col-sm-12\"><div class=\"vc_column-inner\"><div class=\"wpb_wrapper\">\n\t<div class=\"wpb_text_column wpb_content_element\" >\n\t\t<div class=\"wpb_wrapper\">\n\t\t\t<h2 style=\"text-align: center;\">DENTAL PROSTHESIS<\/h2>\n\n\t\t<\/div>\n\t<\/div>\n<div class=\"vc_separator wpb_content_element vc_separator_align_center vc_sep_width_100 vc_sep_pos_align_center vc_separator_no_text vc_sep_color_grey wpb_content_element  wpb_content_element\" ><span class=\"vc_sep_holder vc_sep_holder_l\"><span class=\"vc_sep_line\"><\/span><\/span><span class=\"vc_sep_holder vc_sep_holder_r\"><span class=\"vc_sep_line\"><\/span><\/span>\n<\/div><\/div><\/div><\/div><\/div><div class=\"vc_row wpb_row vc_row-fluid\"><div class=\"wpb_column vc_column_container vc_col-sm-6\"><div class=\"vc_column-inner\"><div class=\"wpb_wrapper\">\n\t<div class=\"wpb_text_column wpb_content_element\" >\n\t\t<div class=\"wpb_wrapper\">\n\t\t\t<p style=\"text-align: justify;\">The dental prosthesis is a device specially designed to replace the missing teeth. The dental prosthesis can be fixed or mobile: the fixed dental prosthesis is any prosthesis that is fixed in the dentist\u2019s study and can not be removed from the patient; it is more like the natural teeth and can be taken care of just like natural teeth; The mobile dental prosthesis is a prosthesis that takes off daily and can replace a part or the entire dental arch, often these prostheses are made for people who want to have teeth or who do not have enough bone to put implants.<\/p>\n<p style=\"text-align: justify;\">Dental &amp; Beauty uses only certified and high quality materials to make dental prostheses with materials such as ceramics and zirconium.<\/p>\n\n\t\t<\/div>\n\t<\/div>\n\n\t<div  class=\"wpb_single_image wpb_content_element vc_align_center wpb_content_element\">\n\t\t\n\t\t<figure class=\"wpb_wrapper vc_figure\">\n\t\t\t<div class=\"vc_single_image-wrapper   vc_box_border_grey\"><img decoding=\"async\" class=\"vc_single_image-img\" src=\"https:\/\/dentalandbeauty.it\/wp-content\/uploads\/2017\/06\/odontoiatria-conservativa-600x400.png\" width=\"600\" height=\"400\" alt=\"conservative dentistry\" title=\"conservative dentistry\" loading=\"lazy\" \/><\/div>\n\t\t<\/figure>\n\t<\/div>\n<\/div><\/div><\/div><div class=\"wpb_column vc_column_container vc_col-sm-6\"><div class=\"vc_column-inner\"><div class=\"wpb_wrapper\">\n\t<div class=\"wpb_text_column wpb_content_element\" >\n\t\t<div class=\"wpb_wrapper\">\n\t\t\t<table class=\"prices\" style=\"width: 100%px;\">\n<tbody>\n<tr style=\"height: 20px;\">\n<th style=\"height: 20px;\">Type of intervention<\/th>\n<th>Price<\/th>\n<\/tr>\n<\/tbody>\n<tbody>\n<tr>\n<td style=\"width: 588px;\">Simple Metal-Ceramic Crown<\/td>\n<td style=\"width: 53.4341px;\">\u20ac 95<\/td>\n<\/tr>\n<tr>\n<td style=\"width: 588px;\">Ceramic-Zirconia Crown built with CAD-CAM Computer System<\/td>\n<td style=\"width: 53.4341px;\">\u20ac 150<\/td>\n<\/tr>\n<tr>\n<td style=\"width: 588px;\">Provisional Crown in Armored Resin<\/td>\n<td style=\"width: 53.4341px;\">\u20ac\u00a015<\/td>\n<\/tr>\n<tr>\n<td style=\"width: 588px;\">Mobile temporary prosthesis (for 1 arch)<\/td>\n<td style=\"width: 53.4341px;\">\u20ac 250<\/td>\n<\/tr>\n<tr>\n<td style=\"width: 588px;\">Total resin mobile prosthesis (for 1 arcade)<\/td>\n<td style=\"width: 53.4341px;\">\u20ac 280<\/td>\n<\/tr>\n<tr>\n<td style=\"width: 588px;\">Metallic skeletal prosthesis<\/td>\n<td style=\"width: 53.4341px;\">\u20ac 300<\/td>\n<\/tr>\n<tr>\n<td style=\"width: 588px;\">Skeletal prosthesis with precision attachment<\/td>\n<td style=\"width: 53.4341px;\">\u20ac 420<\/td>\n<\/tr>\n<tr>\n<td style=\"width: 588px;\">Overdenture prosthesis for the arch<\/td>\n<td style=\"width: 53.4341px;\">\u20ac 790<\/td>\n<\/tr>\n<tr style=\"height: 27px;\">\n<td style=\"width: 588px; height: 27px;\">Anesthesia<\/td>\n<td style=\"width: 53.4341px; height: 27px;\">Free<\/td>\n<\/tr>\n<tr style=\"height: 27px;\">\n<td style=\"width: 588px; height: 27px;\">Quote<\/td>\n<td style=\"width: 53.4341px; height: 27px;\">Free<\/td>\n<\/tr>\n<\/tbody>\n<\/table>\n\n\t\t<\/div>\n\t<\/div>\n<\/div><\/div><\/div><\/div><div class=\"vc_row wpb_row vc_row-fluid\"><div class=\"wpb_column vc_column_container vc_col-sm-12\"><div class=\"vc_column-inner\"><div class=\"wpb_wrapper\">\n\t<div class=\"wpb_text_column wpb_content_element\" >\n\t\t<div class=\"wpb_wrapper\">\n\t\t\t<p style=\"text-align: justify;\">List prices will be discounted according to the type of work that will be performed for the patient. For a free quote, you will need to submit a <span style=\"color: #000000;\"><strong>DENTAL X-RAY,<\/strong> <\/span>which has to be clear and up-to-date so that we can be precise about the price and any discount that will be applied.<\/p>\n\n\t\t<\/div>\n\t<\/div>\n<\/div><\/div><\/div><\/div>\n<\/div>\n<\/div>\n<\/div>\n<\/div>\n<\/div>\n<\/div>\n<\/div>\n\n<\/div>","protected":false},"excerpt":{"rendered":"PROTESI DENTALI La protesi dentale \u00e8 un dispositivo creato specialmente per sostituire i denti mancanti. La protesi dentale pu\u00f2 essere fissa o mobile: la protesi dentale fissa \u00e8 una qualsiasi protesi che \u00e8 fissata nello studio del dentista e non viene rimossa dal paziente, \u00e8 pi\u00f9 simile ai denti naturali e si cura proprio come...","protected":false},"author":1,"featured_media":0,"parent":4496,"menu_order":0,"comment_status":"closed","ping_status":"closed","template":"","meta":{"footnotes":""},"class_list":["post-4620","page","type-page","status-publish","hentry"],"yoast_head":"<!-- This site is optimized with the Yoast SEO plugin v27.4 - https:\/\/yoast.com\/product\/yoast-seo-wordpress\/ -->\n<title>Protesi Dentali - Dental &amp; Beauty<\/title>\n<meta name=\"description\" content=\"Protesi dentali in Albania realizzate con materiali certificati e tecnologie moderne per un sorriso naturale e funzionale.\" \/>\n<meta name=\"robots\" content=\"index, follow, max-snippet:-1, max-image-preview:large, max-video-preview:-1\" \/>\n<link rel=\"canonical\" href=\"https:\/\/dentalandbeauty.it\/en\/dental-care-2\/dentures\/\" \/>\n<meta property=\"og:locale\" content=\"en_GB\" \/>\n<meta property=\"og:type\" content=\"article\" \/>\n<meta property=\"og:title\" content=\"Protesi Dentali - Dental &amp; Beauty\" \/>\n<meta property=\"og:description\" content=\"Protesi dentali in Albania realizzate con materiali certificati e tecnologie moderne per un sorriso naturale e funzionale.\" \/>\n<meta property=\"og:url\" content=\"https:\/\/dentalandbeauty.it\/en\/dental-care-2\/dentures\/\" \/>\n<meta property=\"og:site_name\" content=\"Dental &amp; Beauty Tirana\" \/>\n<meta property=\"article:publisher\" content=\"https:\/\/www.facebook.com\/dentalandbeautytirana\" \/>\n<meta property=\"article:modified_time\" content=\"2026-03-31T04:59:57+00:00\" \/>\n<meta property=\"og:image\" content=\"https:\/\/dentalandbeauty.it\/wp-content\/uploads\/2025\/06\/dentalandbeautytirana_logo_post.png\" \/>\n\t<meta property=\"og:image:width\" content=\"1200\" \/>\n\t<meta property=\"og:image:height\" content=\"675\" \/>\n\t<meta property=\"og:image:type\" content=\"image\/png\" \/>\n<meta name=\"twitter:card\" content=\"summary_large_image\" \/>\n<meta name=\"twitter:label1\" content=\"Estimated reading time\" \/>\n\t<meta name=\"twitter:data1\" content=\"2 minutes\" \/>\n<!-- \/ Yoast SEO plugin. -->","yoast_head_json":{"title":"Dental Prosthetics - Dental &amp; Beauty","description":"Dental prosthetics in Albania with certified materials and modern labs for natural, long-lasting results.","robots":{"index":"index","follow":"follow","max-snippet":"max-snippet:-1","max-image-preview":"max-image-preview:large","max-video-preview":"max-video-preview:-1"},"canonical":"https:\/\/dentalandbeauty.it\/en\/dental-care-2\/dentures\/","og_locale":"en_GB","og_type":"article","og_title":"Protesi Dentali - Dental & Beauty","og_description":"Protesi dentali in Albania realizzate con materiali certificati e tecnologie moderne per un sorriso naturale e funzionale.","og_url":"https:\/\/dentalandbeauty.it\/en\/dental-care-2\/dentures\/","og_site_name":"Dental &amp; Beauty Tirana","article_publisher":"https:\/\/www.facebook.com\/dentalandbeautytirana","article_modified_time":"2026-03-31T04:59:57+00:00","og_image":[{"width":1200,"height":675,"url":"https:\/\/dentalandbeauty.it\/wp-content\/uploads\/2025\/06\/dentalandbeautytirana_logo_post.png","type":"image\/png"}],"twitter_card":"summary_large_image","twitter_misc":{"Estimated reading time":"2 minutes"},"schema":{"@context":"https:\/\/schema.org","@graph":[{"@type":"WebPage","@id":"https:\/\/dentalandbeauty.it\/cure-dentali\/protesi-dentali\/","url":"https:\/\/dentalandbeauty.it\/cure-dentali\/protesi-dentali\/","name":"Dental Prosthetics - Dental &amp; Beauty","isPartOf":{"@id":"https:\/\/dentalandbeauty.it\/#website"},"datePublished":"2017-06-05T15:36:46+00:00","dateModified":"2026-03-31T04:59:57+00:00","description":"Dental prosthetics in Albania with certified materials and modern labs for natural, long-lasting results.","breadcrumb":{"@id":"https:\/\/dentalandbeauty.it\/cure-dentali\/protesi-dentali\/#breadcrumb"},"inLanguage":"en-GB","potentialAction":[{"@type":"ReadAction","target":["https:\/\/dentalandbeauty.it\/cure-dentali\/protesi-dentali\/"]}]},{"@type":"BreadcrumbList","@id":"https:\/\/dentalandbeauty.it\/cure-dentali\/protesi-dentali\/#breadcrumb","itemListElement":[{"@type":"ListItem","position":1,"name":"Home","item":"https:\/\/dentalandbeauty.it\/"},{"@type":"ListItem","position":2,"name":"Cure Dentali","item":"https:\/\/dentalandbeauty.it\/cure-dentali\/"},{"@type":"ListItem","position":3,"name":"Protesi Dentali"}]},{"@type":"WebSite","@id":"https:\/\/dentalandbeauty.it\/#website","url":"https:\/\/dentalandbeauty.it\/","name":"Dental &amp; Beauty Tirana","description":"Dental &amp; Beauty Tirana","potentialAction":[{"@type":"SearchAction","target":{"@type":"EntryPoint","urlTemplate":"https:\/\/dentalandbeauty.it\/?s={search_term_string}"},"query-input":{"@type":"PropertyValueSpecification","valueRequired":true,"valueName":"search_term_string"}}],"inLanguage":"en-GB"}]}},"_links":{"self":[{"href":"https:\/\/dentalandbeauty.it\/en\/wp-json\/wp\/v2\/pages\/4620","targetHints":{"allow":["GET"]}}],"collection":[{"href":"https:\/\/dentalandbeauty.it\/en\/wp-json\/wp\/v2\/pages"}],"about":[{"href":"https:\/\/dentalandbeauty.it\/en\/wp-json\/wp\/v2\/types\/page"}],"author":[{"embeddable":true,"href":"https:\/\/dentalandbeauty.it\/en\/wp-json\/wp\/v2\/users\/1"}],"replies":[{"embeddable":true,"href":"https:\/\/dentalandbeauty.it\/en\/wp-json\/wp\/v2\/comments?post=4620"}],"version-history":[{"count":2,"href":"https:\/\/dentalandbeauty.it\/en\/wp-json\/wp\/v2\/pages\/4620\/revisions"}],"predecessor-version":[{"id":10066,"href":"https:\/\/dentalandbeauty.it\/en\/wp-json\/wp\/v2\/pages\/4620\/revisions\/10066"}],"up":[{"embeddable":true,"href":"https:\/\/dentalandbeauty.it\/en\/wp-json\/wp\/v2\/pages\/4496"}],"wp:attachment":[{"href":"https:\/\/dentalandbeauty.it\/en\/wp-json\/wp\/v2\/media?parent=4620"}],"curies":[{"name":"wp","href":"https:\/\/api.w.org\/{rel}","templated":true}]}}